{"id":17528,"date":"2021-08-12T04:26:13","date_gmt":"2021-08-12T02:26:13","guid":{"rendered":"https:\/\/adlbionatur.com\/?page_id=17528"},"modified":"2024-04-03T12:04:37","modified_gmt":"2024-04-03T10:04:37","slug":"informacion-general","status":"publish","type":"page","link":"https:\/\/biatgroup.com\/es\/informacion-general\/","title":{"rendered":"Informaci\u00f3n General"},"content":{"rendered":"\t\t<div data-elementor-type=\"wp-page\" data-elementor-id=\"17528\" class=\"elementor elementor-17528\">\n\t\t\t\t\t\t\t\t\t<section class=\"elementor-section elementor-top-section elementor-element elementor-element-f0df233 elementor-section-boxed elementor-section-height-default elementor-section-height-default parallax_section_no qode_elementor_container_no\" data-id=\"f0df233\" data-element_type=\"section\">\n\t\t\t\t\t\t<div class=\"elementor-container elementor-column-gap-default\">\n\t\t\t\t\t<div class=\"elementor-column elementor-col-100 elementor-top-column elementor-element elementor-element-30ea879\" data-id=\"30ea879\" data-element_type=\"column\">\n\t\t\t<div class=\"elementor-widget-wrap elementor-element-populated\">\n\t\t\t\t\t\t\t\t<section class=\"elementor-section elementor-inner-section elementor-element elementor-element-2576d99 elementor-section-boxed elementor-section-height-default elementor-section-height-default parallax_section_no qode_elementor_container_no\" data-id=\"2576d99\" data-element_type=\"section\" data-settings=\"{&quot;background_background&quot;:&quot;gradient&quot;}\">\n\t\t\t\t\t\t<div class=\"elementor-container elementor-column-gap-default\">\n\t\t\t\t\t<div class=\"elementor-column elementor-col-100 elementor-inner-column elementor-element elementor-element-2d6ac9b\" data-id=\"2d6ac9b\" data-element_type=\"column\">\n\t\t\t<div class=\"elementor-widget-wrap elementor-element-populated\">\n\t\t\t\t\t\t\t\t<div class=\"elementor-element elementor-element-15e9d6e elementor-widget elementor-widget-shortcode\" data-id=\"15e9d6e\" data-element_type=\"widget\" data-widget_type=\"shortcode.default\">\n\t\t\t\t<div class=\"elementor-widget-container\">\n\t\t\t\t\t<div class=\"elementor-shortcode\">\n\t<div class=\"buscador-inversores\">\n\t<form method=\"post\" class=\"\">\n\t\t<input type=\"text\" name=\"patron\" value=\"\" class=\"input-text\" required placeholder=\"Introduce tu b\u00fasqueda\">\n\t\t<input type=\"submit\" value=\"BUSCAR\" class=\"btn-submit\">\n\t<\/form>\n\t<\/div>\n\t<\/div>\n\t\t\t\t<\/div>\n\t\t\t\t<\/div>\n\t\t\t\t\t<\/div>\n\t\t<\/div>\n\t\t\t\t\t\t\t<\/div>\n\t\t<\/section>\n\t\t\t\t<div class=\"elementor-element elementor-element-d2a33f7 elementor-widget elementor-widget-documento-adlbionatur\" data-id=\"d2a33f7\" data-element_type=\"widget\" data-widget_type=\"documento-adlbionatur.default\">\n\t\t\t\t<div class=\"elementor-widget-container\">\n\t\t\t<ul class=\"listado-documentos\">\n                <li>\n                    <a href=\"https:\/\/biatgroup.com\/wp-content\/uploads\/2023\/07\/BIAT-EESS-05.07.2023-2.pdf\" target=\"_blank\" title=\"Ver  Julio 2023  Estatutos Sociales\"><span aria-hidden=\"true\" class=\"icon_cloud-download_alt\"><\/span> <strong> Julio 2023 <\/strong> Estatutos Sociales<\/a>\n                    <div class=\"elementor-divider-2\"><span class=\"elementor-divider-separator-2\"><\/span><\/div>\n                <\/li>\n                <li>\n                    <a href=\"https:\/\/biatgroup.com\/wp-content\/uploads\/2023\/03\/BIAT-EESS-29.03.2023-2.pdf\" target=\"_blank\" title=\"Ver  Marzo 2023 Estatutos Sociales Vigentes (Marzo 2023)\"><span aria-hidden=\"true\" class=\"icon_cloud-download_alt\"><\/span> <strong> Marzo 2023<\/strong> Estatutos Sociales Vigentes (Marzo 2023)<\/a>\n                    <div class=\"elementor-divider-2\"><span class=\"elementor-divider-separator-2\"><\/span><\/div>\n                <\/li>\n                <li>\n                    <a href=\"https:\/\/biatgroup.com\/wp-content\/uploads\/2022\/10\/2.-Biotechnology-Assets-S.A.-EESS-19.10.2022-2.pdf\" target=\"_blank\" title=\"Ver Estatutos Sociales. Octubre 2022\"><span aria-hidden=\"true\" class=\"icon_cloud-download_alt\"><\/span> Estatutos Sociales. Octubre 2022<\/a>\n                    <div class=\"elementor-divider-2\"><span class=\"elementor-divider-separator-2\"><\/span><\/div>\n                <\/li>\n                <li>\n                    <a href=\"https:\/\/biatgroup.com\/wp-content\/uploads\/2022\/03\/ADL-BIONATUR-Reglamento-Junta-General-Abril-2021.pdf\" target=\"_blank\" title=\"Ver Reglamento Junta General.Abril 2021\"><span aria-hidden=\"true\" class=\"icon_cloud-download_alt\"><\/span> Reglamento Junta General.Abril 2021<\/a>\n                    <div class=\"elementor-divider-2\"><span class=\"elementor-divider-separator-2\"><\/span><\/div>\n                <\/li>\n                <li>\n                    <a href=\"https:\/\/biatgroup.com\/wp-content\/uploads\/2020\/05\/20200527_ADL-Bionatur-Beyond-2020.pdf\" target=\"_blank\" title=\"Ver Presentaci\u00f3n de ADL Bionatur Solutions, S.A. para el Foro MedCap 2020. Mayo 2020\"><span aria-hidden=\"true\" class=\"icon_cloud-download_alt\"><\/span> Presentaci\u00f3n de ADL Bionatur Solutions, S.A. para el Foro MedCap 2020. Mayo 2020<\/a>\n                    <div class=\"elementor-divider-2\"><span class=\"elementor-divider-separator-2\"><\/span><\/div>\n                <\/li>\n                    <li class=\"more-docs-li\">\n                        <a href=\"#\" class=\"more-docs-link\"><span aria-hidden=\"true\" class=\"icon_plus icono-doc\"><\/span> Ver M\u00e1s<\/a>\n                    <\/li>\n                    <li class=\"oculto\">\n                        <a href=\"https:\/\/biatgroup.com\/wp-content\/uploads\/2019\/05\/20190529_ADL-Presentacion-Bolsa-mayo-2019.pdf\" target=\"_blank\" title=\"Ver ADL Bionatur Solutions (ADL) - Presentaci\u00f3n de la compa\u00f1\u00eda. Mayo 2019\"><span aria-hidden=\"true\" class=\"icon_cloud-download_alt\"><\/span> ADL Bionatur Solutions (ADL) - Presentaci\u00f3n de la compa\u00f1\u00eda. Mayo 2019<\/a>\n                        <div class=\"elementor-divider-2\"><span class=\"elementor-divider-separator-2\"><\/span><\/div>\n                    <\/li>\n                    <li class=\"oculto\">\n                        <a href=\"https:\/\/biatgroup.com\/wp-content\/uploads\/2019\/05\/ADL-BIONATUR-SOLUTIONS-Reglamento-Interno-de-Conducta-en-los-Mercados-de-Valores-28.03.2019.pdf\" target=\"_blank\" title=\"Ver Reglamento Interno de Conducta. Marzo 2019.\"><span aria-hidden=\"true\" class=\"icon_cloud-download_alt\"><\/span> <b>Reglamento Interno de Conducta. Marzo 2019.<\/b><\/a>\n                        <div class=\"elementor-divider-2\"><span class=\"elementor-divider-separator-2\"><\/span><\/div>\n                    <\/li>\n                    <li class=\"oculto\">\n                        <a href=\"https:\/\/biatgroup.com\/wp-content\/uploads\/2018\/10\/ADL-BIONATUR-Reglamento-Junta-General-Julio-2018.pdf\" target=\"_blank\" title=\"Ver Reglamento funcionamiento Junta General Accionistas. 2018.\"><span aria-hidden=\"true\" class=\"icon_cloud-download_alt\"><\/span> Reglamento funcionamiento Junta General Accionistas. 2018.<\/a>\n                        <div class=\"elementor-divider-2\"><span class=\"elementor-divider-separator-2\"><\/span><\/div>\n                    <\/li>\n                    <li class=\"oculto\">\n                        <a href=\"https:\/\/biatgroup.com\/wp-content\/uploads\/2018\/10\/ADL-BIONATUR-ESTATUTOS-SOCIALES-Julio-2018.pdf\" target=\"_blank\" title=\"Ver Estatutos Sociales. 2018.\"><span aria-hidden=\"true\" class=\"icon_cloud-download_alt\"><\/span> Estatutos Sociales. 2018.<\/a>\n                        <div class=\"elementor-divider-2\"><span class=\"elementor-divider-separator-2\"><\/span><\/div>\n                    <\/li>\n                    <li class=\"oculto\">\n                        <a href=\"https:\/\/biatgroup.com\/wp-content\/uploads\/2019\/10\/Resultados-1er-Semestre-2018.mp4\" target=\"_blank\" title=\"Ver Video de la Presentaci\u00f3n de Resultados del 1er Semestre de 2018\"><span aria-hidden=\"true\" class=\"icon_cloud-download_alt\"><\/span> Video de la Presentaci\u00f3n de Resultados del 1er Semestre de 2018<\/a>\n                        <div class=\"elementor-divider-2\"><span class=\"elementor-divider-separator-2\"><\/span><\/div>\n                    <\/li>\n                    <li class=\"oculto\">\n                        <a href=\"https:\/\/biatgroup.com\/wp-content\/uploads\/2018\/10\/Adenda-a-DAR-ADL-Bionatur-Solutions.-Julio-2018..pdf\" target=\"_blank\" title=\"Ver Adenda a DAR ADL Bionatur Solutions. Julio 2018.\"><span aria-hidden=\"true\" class=\"icon_cloud-download_alt\"><\/span> Adenda a DAR ADL Bionatur Solutions. Julio 2018.<\/a>\n                        <div class=\"elementor-divider-2\"><span class=\"elementor-divider-separator-2\"><\/span><\/div>\n                    <\/li>\n                    <li class=\"oculto\">\n                        <a href=\"https:\/\/biatgroup.com\/wp-content\/uploads\/2018\/10\/DAR.-ADL-Bionatur-Solutions.-Julio-2018..pdf\" target=\"_blank\" title=\"Ver DAR. ADL Bionatur Solutions. Julio 2018.\"><span aria-hidden=\"true\" class=\"icon_cloud-download_alt\"><\/span> DAR. ADL Bionatur Solutions. Julio 2018.<\/a>\n                        <div class=\"elementor-divider-2\"><span class=\"elementor-divider-separator-2\"><\/span><\/div>\n                    <\/li>\n                    <li class=\"oculto\">\n                        <a href=\"https:\/\/biatgroup.com\/wp-content\/uploads\/2018\/07\/01_84980_Folleto_20180523.pdf\" target=\"_blank\" title=\"Ver DAC. ADL Bionatur Solutions. Mayo 2018.\"><span aria-hidden=\"true\" class=\"icon_cloud-download_alt\"><\/span> DAC. ADL Bionatur Solutions. Mayo 2018.<\/a>\n                        <div class=\"elementor-divider-2\"><span class=\"elementor-divider-separator-2\"><\/span><\/div>\n                    <\/li>\n                    <li class=\"oculto\">\n                        <a href=\"https:\/\/biatgroup.com\/wp-content\/uploads\/2018\/07\/04_Reglamento-Interno-de-Conducta-en-los-Mercados-de-Valores-2018.pdf\" target=\"_blank\" title=\"Ver Reglamento interno de conducta. Mayo 2018.\"><span aria-hidden=\"true\" class=\"icon_cloud-download_alt\"><\/span> Reglamento interno de conducta. Mayo 2018.<\/a>\n                        <div class=\"elementor-divider-2\"><span class=\"elementor-divider-separator-2\"><\/span><\/div>\n                    <\/li>\n                    <li class=\"oculto\">\n                        <a href=\"https:\/\/biatgroup.com\/wp-content\/uploads\/2018\/10\/Ampliaci\u00f3n-de-Capital.-Junio-2015..pdf\" target=\"_blank\" title=\"Ver Ampliaci\u00f3n de Capital. Junio 2015.\"><span aria-hidden=\"true\" class=\"icon_cloud-download_alt\"><\/span> Ampliaci\u00f3n de Capital. Junio 2015.<\/a>\n                        <div class=\"elementor-divider-2\"><span class=\"elementor-divider-separator-2\"><\/span><\/div>\n                    <\/li>\n                    <li class=\"oculto\">\n                        <a href=\"https:\/\/biatgroup.com\/wp-content\/uploads\/2018\/10\/84980_HRelev_20140710.pdf\" target=\"_blank\" title=\"Ver Sobre auditor\u00edas de cuentas anuales de la sociedad (10\/07\/2014)\"><span aria-hidden=\"true\" class=\"icon_cloud-download_alt\"><\/span> Sobre auditor\u00edas de cuentas anuales de la sociedad (10\/07\/2014)<\/a>\n                        <div class=\"elementor-divider-2\"><span class=\"elementor-divider-separator-2\"><\/span><\/div>\n                    <\/li>\n                    <li class=\"oculto\">\n                        <a href=\"https:\/\/biatgroup.com\/wp-content\/uploads\/2018\/10\/Documento-de-Ampliaci\u00f3n-Completo-de-Capital.-Marzo-2014..pdf\" target=\"_blank\" title=\"Ver Documento de Ampliaci\u00f3n Completo de Capital. Marzo 2014.\"><span aria-hidden=\"true\" class=\"icon_cloud-download_alt\"><\/span> Documento de Ampliaci\u00f3n Completo de Capital. Marzo 2014.<\/a>\n                        <div class=\"elementor-divider-2\"><span class=\"elementor-divider-separator-2\"><\/span><\/div>\n                    <\/li>\n                    <li class=\"oculto\">\n                        <a href=\"https:\/\/biatgroup.com\/wp-content\/uploads\/2018\/10\/BIONATURIS-DIIM.-Enero-2012..pdf\" target=\"_blank\" title=\"Ver BIONATURIS DIIM. Enero 2012.\"><span aria-hidden=\"true\" class=\"icon_cloud-download_alt\"><\/span> BIONATURIS DIIM. Enero 2012.<\/a>\n                        <div class=\"elementor-divider-2\"><span class=\"elementor-divider-separator-2\"><\/span><\/div>\n                    <\/li><\/ul>\t\t<\/div>\n\t\t\t\t<\/div>\n\t\t\t\t<div class=\"elementor-element elementor-element-92b3c48 elementor-widget elementor-widget-spacer\" data-id=\"92b3c48\" data-element_type=\"widget\" data-widget_type=\"spacer.default\">\n\t\t\t\t<div class=\"elementor-widget-container\">\n\t\t\t<style>\/*! elementor - v3.11.5 - 14-03-2023 *\/\n.elementor-column .elementor-spacer-inner{height:var(--spacer-size)}.e-con{--container-widget-width:100%}.e-con-inner>.elementor-widget-spacer,.e-con>.elementor-widget-spacer{width:var(--container-widget-width,var(--spacer-size));--align-self:var(--container-widget-align-self,initial);--flex-shrink:0}.e-con-inner>.elementor-widget-spacer>.elementor-widget-container,.e-con-inner>.elementor-widget-spacer>.elementor-widget-container>.elementor-spacer,.e-con>.elementor-widget-spacer>.elementor-widget-container,.e-con>.elementor-widget-spacer>.elementor-widget-container>.elementor-spacer{height:100%}.e-con-inner>.elementor-widget-spacer>.elementor-widget-container>.elementor-spacer>.elementor-spacer-inner,.e-con>.elementor-widget-spacer>.elementor-widget-container>.elementor-spacer>.elementor-spacer-inner{height:var(--container-widget-height,var(--spacer-size))}<\/style>\t\t<div class=\"elementor-spacer\">\n\t\t\t<div class=\"elementor-spacer-inner\"><\/div>\n\t\t<\/div>\n\t\t\t\t<\/div>\n\t\t\t\t<\/div>\n\t\t\t\t\t<\/div>\n\t\t<\/div>\n\t\t\t\t\t\t\t<\/div>\n\t\t<\/section>\n\t\t\t\t<section class=\"elementor-section elementor-top-section elementor-element elementor-element-6263737 elementor-section-boxed elementor-section-height-default elementor-section-height-default parallax_section_no qode_elementor_container_no\" data-id=\"6263737\" data-element_type=\"section\">\n\t\t\t\t\t\t<div class=\"elementor-container elementor-column-gap-default\">\n\t\t\t\t\t<div class=\"elementor-column elementor-col-50 elementor-top-column elementor-element elementor-element-c3573de\" data-id=\"c3573de\" data-element_type=\"column\">\n\t\t\t<div class=\"elementor-widget-wrap elementor-element-populated\">\n\t\t\t\t\t\t\t\t<div class=\"elementor-element elementor-element-38270a7 elementor-widget elementor-widget-heading\" data-id=\"38270a7\" data-element_type=\"widget\" data-widget_type=\"heading.default\">\n\t\t\t\t<div class=\"elementor-widget-container\">\n\t\t\t<style>\/*! elementor - v3.11.5 - 14-03-2023 *\/\n.elementor-heading-title{padding:0;margin:0;line-height:1}.elementor-widget-heading .elementor-heading-title[class*=elementor-size-]>a{color:inherit;font-size:inherit;line-height:inherit}.elementor-widget-heading .elementor-heading-title.elementor-size-small{font-size:15px}.elementor-widget-heading .elementor-heading-title.elementor-size-medium{font-size:19px}.elementor-widget-heading .elementor-heading-title.elementor-size-large{font-size:29px}.elementor-widget-heading .elementor-heading-title.elementor-size-xl{font-size:39px}.elementor-widget-heading .elementor-heading-title.elementor-size-xxl{font-size:59px}<\/style><h3 class=\"elementor-heading-title elementor-size-medium\"><a href=\"https:\/\/www.bmegrowth.es\/esp\/Ficha\/ADL_BIONATUR_SOLUTIONS_ES0184980003.aspx#se_top\" target=\"_blank\">Cotizaci\u00f3n<\/a><\/h3>\t\t<\/div>\n\t\t\t\t<\/div>\n\t\t\t\t<section class=\"elementor-section elementor-inner-section elementor-element elementor-element-a863dee elementor-section-content-middle elementor-section-boxed elementor-section-height-default elementor-section-height-default parallax_section_no qode_elementor_container_no\" data-id=\"a863dee\" data-element_type=\"section\">\n\t\t\t\t\t\t<div class=\"elementor-container elementor-column-gap-default\">\n\t\t\t\t\t<div class=\"elementor-column elementor-col-50 elementor-inner-column elementor-element elementor-element-094a543\" data-id=\"094a543\" data-element_type=\"column\">\n\t\t\t<div class=\"elementor-widget-wrap elementor-element-populated\">\n\t\t\t\t\t\t\t\t<div class=\"elementor-element elementor-element-cdcdffb elementor-widget elementor-widget-image\" data-id=\"cdcdffb\" data-element_type=\"widget\" data-widget_type=\"image.default\">\n\t\t\t\t<div class=\"elementor-widget-container\">\n\t\t\t<style>\/*! elementor - v3.11.5 - 14-03-2023 *\/\n.elementor-widget-image{text-align:center}.elementor-widget-image a{display:inline-block}.elementor-widget-image a img[src$=\".svg\"]{width:48px}.elementor-widget-image img{vertical-align:middle;display:inline-block}<\/style>\t\t\t\t\t\t\t\t\t\t\t\t\t<a href=\"https:\/\/www.bmegrowth.es\/esp\/Ficha\/BIOTECHNOLOGY_ASSETS_ES0184980003.aspx#se_top\" target=\"_blank\">\n\t\t\t\t\t\t\t<img width=\"150\" height=\"150\" src=\"https:\/\/biatgroup.com\/wp-content\/uploads\/2022\/07\/logo-sin-fondo-Biatgroup-150x150.png\" class=\"attachment-thumbnail size-thumbnail wp-image-21112\" alt=\"\" loading=\"lazy\" srcset=\"https:\/\/biatgroup.com\/wp-content\/uploads\/2022\/07\/logo-sin-fondo-Biatgroup-150x150.png 150w, https:\/\/biatgroup.com\/wp-content\/uploads\/2022\/07\/logo-sin-fondo-Biatgroup-500x503.png 500w\" sizes=\"(max-width: 150px) 100vw, 150px\" \/>\t\t\t\t\t\t\t\t<\/a>\n\t\t\t\t\t\t\t\t\t\t\t\t\t\t\t<\/div>\n\t\t\t\t<\/div>\n\t\t\t\t\t<\/div>\n\t\t<\/div>\n\t\t\t\t<div class=\"elementor-column elementor-col-50 elementor-inner-column elementor-element elementor-element-52bf17e\" data-id=\"52bf17e\" data-element_type=\"column\">\n\t\t\t<div class=\"elementor-widget-wrap elementor-element-populated\">\n\t\t\t\t\t\t\t\t<div class=\"elementor-element elementor-element-8bcacce elementor-widget elementor-widget-image\" data-id=\"8bcacce\" data-element_type=\"widget\" data-widget_type=\"image.default\">\n\t\t\t\t<div class=\"elementor-widget-container\">\n\t\t\t\t\t\t\t\t\t\t\t\t\t\t\t\t<a href=\"https:\/\/www.bmegrowth.es\/esp\/Ficha\/BIOTECHNOLOGY_ASSETS_ES0184980003.aspx#se_top\" target=\"_blank\">\n\t\t\t\t\t\t\t<img src=\"https:\/\/adlbionatur.com\/wp-content\/uploads\/2021\/08\/logo-mab.png\" title=\"\" alt=\"\" loading=\"lazy\" \/>\t\t\t\t\t\t\t\t<\/a>\n\t\t\t\t\t\t\t\t\t\t\t\t\t\t\t<\/div>\n\t\t\t\t<\/div>\n\t\t\t\t\t<\/div>\n\t\t<\/div>\n\t\t\t\t\t\t\t<\/div>\n\t\t<\/section>\n\t\t\t\t\t<\/div>\n\t\t<\/div>\n\t\t\t\t<div class=\"elementor-column elementor-col-50 elementor-top-column elementor-element elementor-element-5f26b9f\" data-id=\"5f26b9f\" data-element_type=\"column\">\n\t\t\t<div class=\"elementor-widget-wrap elementor-element-populated\">\n\t\t\t\t\t\t\t\t<div class=\"elementor-element elementor-element-f658dad elementor-widget elementor-widget-heading\" data-id=\"f658dad\" data-element_type=\"widget\" data-widget_type=\"heading.default\">\n\t\t\t\t<div class=\"elementor-widget-container\">\n\t\t\t<h3 class=\"elementor-heading-title elementor-size-medium\"><a href=\"https:\/\/adlbionatur.com\/wp-content\/themes\/adlbionatur\/docs\/como-invertir-en-adl-bionatur-solutions.pdf\" target=\"_blank\">Como invertir en:<\/a><\/h3>\t\t<\/div>\n\t\t\t\t<\/div>\n\t\t\t\t<div class=\"elementor-element elementor-element-198f811 elementor-widget elementor-widget-image\" data-id=\"198f811\" data-element_type=\"widget\" data-widget_type=\"image.default\">\n\t\t\t\t<div class=\"elementor-widget-container\">\n\t\t\t\t\t\t\t\t\t\t\t\t\t\t\t\t<a href=\"https:\/\/adlbionatur.com\/wp-content\/themes\/adlbionatur\/docs\/como-invertir-en-adl-bionatur-solutions.pdf\" target=\"_blank\">\n\t\t\t\t\t\t\t<img width=\"150\" height=\"150\" src=\"https:\/\/biatgroup.com\/wp-content\/uploads\/2022\/07\/logo-sin-fondo-Biatgroup-150x150.png\" class=\"attachment-thumbnail size-thumbnail wp-image-21112\" alt=\"\" loading=\"lazy\" srcset=\"https:\/\/biatgroup.com\/wp-content\/uploads\/2022\/07\/logo-sin-fondo-Biatgroup-150x150.png 150w, https:\/\/biatgroup.com\/wp-content\/uploads\/2022\/07\/logo-sin-fondo-Biatgroup-500x503.png 500w\" sizes=\"(max-width: 150px) 100vw, 150px\" \/>\t\t\t\t\t\t\t\t<\/a>\n\t\t\t\t\t\t\t\t\t\t\t\t\t\t\t<\/div>\n\t\t\t\t<\/div>\n\t\t\t\t\t<\/div>\n\t\t<\/div>\n\t\t\t\t\t\t\t<\/div>\n\t\t<\/section>\n\t\t\t\t<section class=\"elementor-section elementor-top-section elementor-element elementor-element-f9d33f6 elementor-section-boxed elementor-section-height-default elementor-section-height-default parallax_section_no qode_elementor_container_no\" data-id=\"f9d33f6\" data-element_type=\"section\">\n\t\t\t\t\t\t<div class=\"elementor-container elementor-column-gap-default\">\n\t\t\t\t\t<div class=\"elementor-column elementor-col-100 elementor-top-column elementor-element elementor-element-8ad7ceb\" data-id=\"8ad7ceb\" data-element_type=\"column\">\n\t\t\t<div class=\"elementor-widget-wrap elementor-element-populated\">\n\t\t\t\t\t\t\t\t<div class=\"elementor-element elementor-element-94cd2da elementor-widget elementor-widget-spacer\" data-id=\"94cd2da\" data-element_type=\"widget\" data-widget_type=\"spacer.default\">\n\t\t\t\t<div class=\"elementor-widget-container\">\n\t\t\t\t\t<div class=\"elementor-spacer\">\n\t\t\t<div class=\"elementor-spacer-inner\"><\/div>\n\t\t<\/div>\n\t\t\t\t<\/div>\n\t\t\t\t<\/div>\n\t\t\t\t\t<\/div>\n\t\t<\/div>\n\t\t\t\t\t\t\t<\/div>\n\t\t<\/section>\n\t\t\t\t\t\t\t<\/div>\n\t\t","protected":false},"excerpt":{"rendered":"<p>Julio 2023 Estatutos Sociales Marzo 2023 Estatutos Sociales Vigentes (Marzo 2023) Estatutos Sociales. Octubre 2022 Reglamento Junta General.Abril 2021 Presentaci\u00f3n de ADL Bionatur Solutions, S.A. para el Foro MedCap 2020. Mayo 2020 Ver M\u00e1s ADL Bionatur Solutions (ADL) &#8211; Presentaci\u00f3n de la compa\u00f1\u00eda. Mayo 2019&#8230;<\/p>\n","protected":false},"author":4,"featured_media":0,"parent":0,"menu_order":0,"comment_status":"closed","ping_status":"closed","template":"","meta":{"content-type":"","_monsterinsights_skip_tracking":false,"_monsterinsights_sitenote_active":false,"_monsterinsights_sitenote_note":"","_monsterinsights_sitenote_category":0,"_uf_show_specific_survey":0,"_uf_disable_surveys":false},"acf":[],"aioseo_notices":[],"_links":{"self":[{"href":"https:\/\/biatgroup.com\/es\/wp-json\/wp\/v2\/pages\/17528"}],"collection":[{"href":"https:\/\/biatgroup.com\/es\/wp-json\/wp\/v2\/pages"}],"about":[{"href":"https:\/\/biatgroup.com\/es\/wp-json\/wp\/v2\/types\/page"}],"author":[{"embeddable":true,"href":"https:\/\/biatgroup.com\/es\/wp-json\/wp\/v2\/users\/4"}],"replies":[{"embeddable":true,"href":"https:\/\/biatgroup.com\/es\/wp-json\/wp\/v2\/comments?post=17528"}],"version-history":[{"count":3,"href":"https:\/\/biatgroup.com\/es\/wp-json\/wp\/v2\/pages\/17528\/revisions"}],"predecessor-version":[{"id":22520,"href":"https:\/\/biatgroup.com\/es\/wp-json\/wp\/v2\/pages\/17528\/revisions\/22520"}],"wp:attachment":[{"href":"https:\/\/biatgroup.com\/es\/wp-json\/wp\/v2\/media?parent=17528"}],"curies":[{"name":"wp","href":"https:\/\/api.w.org\/{rel}","templated":true}]}}