{"id":20559,"date":"2022-03-07T12:10:00","date_gmt":"2022-03-07T11:10:00","guid":{"rendered":"https:\/\/adlbionatur.com\/?page_id=20559"},"modified":"2025-07-03T12:24:39","modified_gmt":"2025-07-03T10:24:39","slug":"aviso-legal","status":"publish","type":"page","link":"https:\/\/biatgroup.com\/es\/aviso-legal\/","title":{"rendered":"Aviso legal"},"content":{"rendered":"\t\t<div data-elementor-type=\"wp-page\" data-elementor-id=\"20559\" class=\"elementor elementor-20559 elementor-20558\">\n\t\t\t\t\t\t\t\t\t<section class=\"elementor-section elementor-top-section elementor-element elementor-element-5765702 p-texto elementor-section-boxed elementor-section-height-default elementor-section-height-default parallax_section_no qode_elementor_container_no\" data-id=\"5765702\" data-element_type=\"section\">\n\t\t\t\t\t\t<div class=\"elementor-container elementor-column-gap-default\">\n\t\t\t\t\t<div class=\"elementor-column elementor-col-100 elementor-top-column elementor-element elementor-element-85e3540\" data-id=\"85e3540\" data-element_type=\"column\">\n\t\t\t<div class=\"elementor-widget-wrap elementor-element-populated\">\n\t\t\t\t\t\t\t\t<div class=\"elementor-element elementor-element-77b0708 elementor-widget elementor-widget-text-editor\" data-id=\"77b0708\" data-element_type=\"widget\" data-widget_type=\"text-editor.default\">\n\t\t\t\t<div class=\"elementor-widget-container\">\n\t\t\t<style>\/*! elementor - v3.11.5 - 14-03-2023 *\/\n.elementor-widget-text-editor.elementor-drop-cap-view-stacked .elementor-drop-cap{background-color:#818a91;color:#fff}.elementor-widget-text-editor.elementor-drop-cap-view-framed .elementor-drop-cap{color:#818a91;border:3px solid;background-color:transparent}.elementor-widget-text-editor:not(.elementor-drop-cap-view-default) .elementor-drop-cap{margin-top:8px}.elementor-widget-text-editor:not(.elementor-drop-cap-view-default) .elementor-drop-cap-letter{width:1em;height:1em}.elementor-widget-text-editor .elementor-drop-cap{float:left;text-align:center;line-height:1;font-size:50px}.elementor-widget-text-editor .elementor-drop-cap-letter{display:inline-block}<\/style>\t\t\t\t<h3>LEY DE LOS SERVICIOS DE LA SOCIEDAD DE LA INFORMACI\u00d3N (LSSI)<\/h3><p>BIOTECHNOLOGY ASSETS SA., responsable del sitio web, en adelante RESPONSABLE, pone a disposici\u00f3n de los usuarios el presente documento, con el que pretende dar cumplimiento a las obligaciones dispuestas en la Ley 34\/2002, de 11 de julio, de Servicios de la Sociedad de la Informaci\u00f3n y de Comercio Electr\u00f3nico (LSSICE), BOE N.\u00ba 166, as\u00ed como informar a todos los usuarios del sitio web respecto a cu\u00e1les son las condiciones de uso.<\/p><p>Toda persona que acceda a este sitio web asume el papel de usuario, comprometi\u00e9ndose a la\u00a0observancia y cumplimiento riguroso de las disposiciones aqu\u00ed dispuestas, as\u00ed como a cualquier\u00a0otra disposici\u00f3n legal que fuera de aplicaci\u00f3n.<\/p><p>BIOTECNOLOGIES ASSETS SA. se reserva el derecho de modificar cualquier tipo de informaci\u00f3n que pudiera aparecer en el sitio web, sin que exista obligaci\u00f3n de preavisar o poner en conocimiento de los usuarios dichas obligaciones, entendi\u00e9ndose como suficiente la publicaci\u00f3n en el sitio web de BIOTECHNOLOGIES ASSETS SA.<\/p><h3>1.DATOS IDENTIFICATIVOS<\/h3><p>Nombre de dominio: <a href=\"https:\/\/adlbionatur.com\/\">https:\/\/biatgroup.com\/<\/a><\/p><p>Nombre comercial: BIAT GROUP SA.<\/p><p>Denominaci\u00f3n social: BIOTECHNOLOGIES ASSETS SA.<\/p><p>NIF: A-11811163<\/p><p>Domicilio social: Avenida del Desarrollo Tecnol\u00f3gico 11, Parque &lt;tecnol\u00f3gico y\u00a0Agroalimentario de Jerez.<\/p><p>Tel\u00e9fono: 856060603<\/p><p>E-mail: <a href=\"mailto:corporatecommunications@biatgroup.com\">corporatecommunications@biatgroup.com<\/a><\/p><p>Registro Mercantil de C\u00e1diz, Tomo 1.735, Folio 94, Hoja CA-29531.<\/p><h3>2.DERECHOS DE PROPIEDAD INTELECTUAL E INDUSTRIAL<\/h3><p>El sitio web, incluyendo a t\u00edtulo enunciativo pero no limitativo su programaci\u00f3n, edici\u00f3n,\u00a0compilaci\u00f3n y dem\u00e1s elementos necesarios para su funcionamiento, los dise\u00f1os,\u00a0logotipos, texto y\/o gr\u00e1ficos, son propiedad del RESPONSABLE o, si es el caso, dispone\u00a0de licencia o autorizaci\u00f3n expresa por parte de los autores. Todos los contenidos del\u00a0sitio web se encuentran debidamente protegidos por la normativa de propiedad\u00a0intelectual e industrial, as\u00ed como inscritos en los registros p\u00fablicos correspondientes.<\/p><p>Independientemente de la finalidad para la que fueran destinados, la reproducci\u00f3n total\u00a0o parcial, uso, explotaci\u00f3n, distribuci\u00f3n y comercializaci\u00f3n, requiere en todo caso la\u00a0autorizaci\u00f3n escrita previa por parte del RESPONSABLE. Cualquier uso no autorizado\u00a0previamente se considera un incumplimiento grave de los derechos de propiedad\u00a0intelectual o industrial del autor.<\/p><p>Los dise\u00f1os, logotipos, texto y\/o gr\u00e1ficos ajenos al RESPONSABLE y que pudieran\u00a0aparecer en el sitio web, pertenecen a sus respectivos propietarios, siendo ellos mismos\u00a0responsables de cualquier posible controversia que pudiera suscitarse respecto a los mismos. El RESPONSABLE autoriza expresamente a que terceros puedan redirigir\u00a0directamente a los contenidos concretos del sitio web, y en todo caso redirigir al sitio\u00a0web principal de <a href=\"https:\/\/biatgroup.com\/\">https:\/\/biatgroupcom\/<\/a>.<\/p><p>El RESPONSABLE reconoce a favor de sus titulares los correspondientes derechos de\u00a0propiedad intelectual e industrial, no implicando su sola menci\u00f3n o aparici\u00f3n en el sitio\u00a0web la existencia de derechos o responsabilidad alguna sobre los mismos, como\u00a0tampoco respaldo, patrocinio o recomendaci\u00f3n por parte del mismo.<\/p><p>Para realizar cualquier tipo de observaci\u00f3n respecto a posibles incumplimientos de los derechos de propiedad intelectual o industrial, as\u00ed como sobre cualquiera de los contenidos del sitio web, puede hacerlo a trav\u00e9s del correo electr\u00f3nico <a href=\"mailto:corporatecommunications@biatgroup.com\">corporatecommunications@biatgroup.com<\/a>.<\/p><h3>3.EXENCI\u00d3N DE RESPONSABILIDADES<\/h3><p>El RESPONSABLE se exime de cualquier tipo de responsabilidad derivada de la\u00a0informaci\u00f3n publicada en su sitio web siempre que esta informaci\u00f3n haya sido manipulada o introducida por un tercero ajeno al mismo.<\/p><h3><em>USO DE COOKIES<\/em><\/h3><p>Este sitio web puede utilizar cookies t\u00e9cnicas (peque\u00f1os archivos de informaci\u00f3n que el servidor env\u00eda al ordenador de quien accede a la p\u00e1gina) para llevar a cabo determinadas funciones que son consideradas imprescindibles para el correcto funcionamiento y\u00a0visualizaci\u00f3n del sitio. Las cookies utilizadas tienen, en todo caso, car\u00e1cter temporal, con\u00a0la \u00fanica finalidad de hacer m\u00e1s eficaz la navegaci\u00f3n, y desaparecen al terminar la sesi\u00f3n\u00a0del usuario. En ning\u00fan caso, estas cookies proporcionan por s\u00ed mismas datos de car\u00e1cter\u00a0personal y no se utilizar\u00e1n para la recogida de los mismos.<\/p><p>Mediante el uso de cookies tambi\u00e9n es posible que el servidor donde se encuentra la\u00a0web reconozca el navegador utilizado por el usuario con la finalidad de que la navegaci\u00f3n sea m\u00e1s sencilla, permitiendo, por ejemplo, el acceso de los usuarios que se\u00a0hayan registrado previamente a las \u00e1reas, servicios, promociones o concursos reservados exclusivamente a ellos sin tener que registrarse en cada visita. Tambi\u00e9n se pueden utilizar para medir la audiencia, par\u00e1metros de tr\u00e1fico, controlar el progreso y n\u00famero de entradas, etc., siendo en estos casos cookies prescindibles t\u00e9cnicamente, pero beneficiosas para el usuario. Este sitio web no instalar\u00e1 cookies prescindibles sin el consentimiento previo del usuario.<\/p><p>Este sitio web utiliza cookies propias y de terceros para fines anal\u00edticos y para mostrarle\u00a0publicidad personalizada en base a un perfil elaborado a partir de sus h\u00e1bitos de\u00a0navegaci\u00f3n (por ejemplo, p\u00e1ginas visitadas). A todo usuario que visita la web se le\u00a0informa del uso de estas cookies mediante un banner flotante. En el caso de aceptar su\u00a0uso, el banner desaparecer\u00e1, aunque en todo momento podr\u00e1 revocar el\u00a0consentimiento y obtener m\u00e1s informaci\u00f3n consultando nuestra Pol\u00edtica de cookies.\u00a0<\/p><p>El usuario tiene la posibilidad de configurar su navegador para ser alertado de la recepci\u00f3n de cookies y para impedir su instalaci\u00f3n en su equipo. Por favor, consulte las instrucciones de su navegador para ampliar esta informaci\u00f3n.<\/p><h3><em>POL\u00cdTICA DE<\/em>\u00a0<em>ENLACES<\/em><\/h3><p>Desde el sitio web, es posible que se redirija a contenidos de terceros sitios web. Dado\u00a0que el RESPONSABLE no puede controlar siempre los contenidos introducidos por\u00a0terceros en sus respectivos sitios web, no asume ning\u00fan tipo de responsabilidad respecto a dichos contenidos. En todo caso, proceder\u00e1 a la retirada inmediata de cualquier contenido que pudiera contravenir la legislaci\u00f3n nacional o internacional, la\u00a0moral o el orden p\u00fablico, procediendo a la retirada inmediata de la redirecci\u00f3n a dicho\u00a0sitio web, poniendo en conocimiento de las autoridades competentes el contenido en\u00a0cuesti\u00f3n.<\/p><p>El RESPONSABLE no se hace responsable de la informaci\u00f3n y contenidos almacenados,\u00a0a t\u00edtulo enunciativo pero no limitativo, en foros, chats, generadores de blogs,\u00a0comentarios, redes sociales o cualquier otro medio que permita a terceros publicar\u00a0contenidos de forma independiente en la p\u00e1gina web del RESPONSABLE. Sin embargo,\u00a0y en cumplimiento de lo dispuesto en los art\u00edculos 11 y 16 de la LSSICE, se pone a\u00a0disposici\u00f3n de todos los usuarios, autoridades y fuerzas de seguridad, colaborando de\u00a0forma activa en la retirada o, en su caso, bloqueo de todos aquellos contenidos que\u00a0puedan afectar o contravenir la legislaci\u00f3n nacional o internacional, los derechos de\u00a0terceros o la moral y el orden p\u00fablico. En caso de que el usuario considere que existe en\u00a0el sitio web alg\u00fan contenido que pudiera ser susceptible de esta clasificaci\u00f3n, se ruega\u00a0lo notifique de forma inmediata al administrador del sitio web.<\/p><p>Este sitio web se ha revisado y probado para que funcione correctamente. En principio,\u00a0puede garantizarse el correcto funcionamiento los 365 d\u00edas del a\u00f1o, 24 horas al d\u00eda. Sin\u00a0embargo, el RESPONSABLE no descarta la posibilidad de que existan ciertos errores de\u00a0programaci\u00f3n, o que acontezcan causas de fuerza mayor, cat\u00e1strofes naturales, huelgas\u00a0o circunstancias semejantes que hagan imposible el acceso a la p\u00e1gina web.<\/p><h3><em>DIRECCIONES IP<\/em><\/h3><p>Los servidores del sitio web podr\u00e1n detectar de manera autom\u00e1tica la direcci\u00f3n IP y el\u00a0nombre de dominio utilizados por el usuario. Una direcci\u00f3n IP es un n\u00famero asignado\u00a0autom\u00e1ticamente a un ordenador cuando este se conecta a Internet.<\/p><p>Toda esta informaci\u00f3n se registra en un fichero de actividad del servidor debidamente\u00a0inscrito que permite el posterior procesamiento de los datos con el fin de obtener\u00a0mediciones \u00fanicamente estad\u00edsticas que permitan conocer el n\u00famero de impresiones\u00a0de p\u00e1ginas, el n\u00famero de visitas realizadas a los servidores web, el orden de visitas, el\u00a0punto de acceso, etc.<\/p><h3>4. LEY APLICABLE Y JURISDICCI\u00d3N<\/h3><p>Para la resoluci\u00f3n de todas las controversias o cuestiones relacionadas con el presente sitio web o de las actividades en \u00e9l desarrolladas, ser\u00e1 de aplicaci\u00f3n la legislaci\u00f3n espa\u00f1ola, a la que se someten expresamente las partes, siendo competentes para la resoluci\u00f3n de todos los conflictos derivados o relacionados con su uso los Juzgados y Tribunales del domicilio del USUARIO o, el lugar del cumplimiento de la obligaci\u00f3n.<\/p>\t\t\t\t\t\t<\/div>\n\t\t\t\t<\/div>\n\t\t\t\t<div class=\"elementor-element elementor-element-40f7b7c elementor-widget elementor-widget-spacer\" data-id=\"40f7b7c\" data-element_type=\"widget\" data-widget_type=\"spacer.default\">\n\t\t\t\t<div class=\"elementor-widget-container\">\n\t\t\t<style>\/*! elementor - v3.11.5 - 14-03-2023 *\/\n.elementor-column .elementor-spacer-inner{height:var(--spacer-size)}.e-con{--container-widget-width:100%}.e-con-inner>.elementor-widget-spacer,.e-con>.elementor-widget-spacer{width:var(--container-widget-width,var(--spacer-size));--align-self:var(--container-widget-align-self,initial);--flex-shrink:0}.e-con-inner>.elementor-widget-spacer>.elementor-widget-container,.e-con-inner>.elementor-widget-spacer>.elementor-widget-container>.elementor-spacer,.e-con>.elementor-widget-spacer>.elementor-widget-container,.e-con>.elementor-widget-spacer>.elementor-widget-container>.elementor-spacer{height:100%}.e-con-inner>.elementor-widget-spacer>.elementor-widget-container>.elementor-spacer>.elementor-spacer-inner,.e-con>.elementor-widget-spacer>.elementor-widget-container>.elementor-spacer>.elementor-spacer-inner{height:var(--container-widget-height,var(--spacer-size))}<\/style>\t\t<div class=\"elementor-spacer\">\n\t\t\t<div class=\"elementor-spacer-inner\"><\/div>\n\t\t<\/div>\n\t\t\t\t<\/div>\n\t\t\t\t<\/div>\n\t\t\t\t\t<\/div>\n\t\t<\/div>\n\t\t\t\t\t\t\t<\/div>\n\t\t<\/section>\n\t\t\t\t\t\t\t<\/div>\n\t\t","protected":false},"excerpt":{"rendered":"<p>LEY DE LOS SERVICIOS DE LA SOCIEDAD DE LA INFORMACI\u00d3N (LSSI) BIOTECHNOLOGY ASSETS SA., responsable del sitio web, en adelante RESPONSABLE, pone a disposici\u00f3n de los usuarios el presente documento, con el que pretende dar cumplimiento a las obligaciones dispuestas en la Ley 34\/2002, de&#8230;<\/p>\n","protected":false},"author":3,"featured_media":0,"parent":0,"menu_order":0,"comment_status":"closed","ping_status":"closed","template":"","meta":{"content-type":"","_monsterinsights_skip_tracking":false,"_monsterinsights_sitenote_active":false,"_monsterinsights_sitenote_note":"","_monsterinsights_sitenote_category":0,"_uf_show_specific_survey":0,"_uf_disable_surveys":false},"acf":[],"aioseo_notices":[],"_links":{"self":[{"href":"https:\/\/biatgroup.com\/es\/wp-json\/wp\/v2\/pages\/20559"}],"collection":[{"href":"https:\/\/biatgroup.com\/es\/wp-json\/wp\/v2\/pages"}],"about":[{"href":"https:\/\/biatgroup.com\/es\/wp-json\/wp\/v2\/types\/page"}],"author":[{"embeddable":true,"href":"https:\/\/biatgroup.com\/es\/wp-json\/wp\/v2\/users\/3"}],"replies":[{"embeddable":true,"href":"https:\/\/biatgroup.com\/es\/wp-json\/wp\/v2\/comments?post=20559"}],"version-history":[{"count":3,"href":"https:\/\/biatgroup.com\/es\/wp-json\/wp\/v2\/pages\/20559\/revisions"}],"predecessor-version":[{"id":23064,"href":"https:\/\/biatgroup.com\/es\/wp-json\/wp\/v2\/pages\/20559\/revisions\/23064"}],"wp:attachment":[{"href":"https:\/\/biatgroup.com\/es\/wp-json\/wp\/v2\/media?parent=20559"}],"curies":[{"name":"wp","href":"https:\/\/api.w.org\/{rel}","templated":true}]}}