{"id":20582,"date":"2022-03-07T12:51:00","date_gmt":"2022-03-07T11:51:00","guid":{"rendered":"https:\/\/adlbionatur.com\/?page_id=20582"},"modified":"2022-03-08T07:32:54","modified_gmt":"2022-03-08T06:32:54","slug":"politica-de-cookies","status":"publish","type":"page","link":"https:\/\/biatgroup.com\/es\/politica-de-cookies\/","title":{"rendered":"Pol\u00edtica de cookies"},"content":{"rendered":"\t\t<div data-elementor-type=\"wp-page\" data-elementor-id=\"20582\" class=\"elementor elementor-20582 elementor-20581\">\n\t\t\t\t\t\t\t\t\t<section class=\"elementor-section elementor-top-section elementor-element elementor-element-5765702 p-texto elementor-section-boxed elementor-section-height-default elementor-section-height-default parallax_section_no qode_elementor_container_no\" data-id=\"5765702\" data-element_type=\"section\">\n\t\t\t\t\t\t<div class=\"elementor-container elementor-column-gap-default\">\n\t\t\t\t\t<div class=\"elementor-column elementor-col-100 elementor-top-column elementor-element elementor-element-85e3540\" data-id=\"85e3540\" data-element_type=\"column\">\n\t\t\t<div class=\"elementor-widget-wrap elementor-element-populated\">\n\t\t\t\t\t\t\t\t<div class=\"elementor-element elementor-element-77b0708 elementor-widget elementor-widget-text-editor\" data-id=\"77b0708\" data-element_type=\"widget\" data-widget_type=\"text-editor.default\">\n\t\t\t\t<div class=\"elementor-widget-container\">\n\t\t\t<style>\/*! elementor - v3.11.5 - 14-03-2023 *\/\n.elementor-widget-text-editor.elementor-drop-cap-view-stacked .elementor-drop-cap{background-color:#818a91;color:#fff}.elementor-widget-text-editor.elementor-drop-cap-view-framed .elementor-drop-cap{color:#818a91;border:3px solid;background-color:transparent}.elementor-widget-text-editor:not(.elementor-drop-cap-view-default) .elementor-drop-cap{margin-top:8px}.elementor-widget-text-editor:not(.elementor-drop-cap-view-default) .elementor-drop-cap-letter{width:1em;height:1em}.elementor-widget-text-editor .elementor-drop-cap{float:left;text-align:center;line-height:1;font-size:50px}.elementor-widget-text-editor .elementor-drop-cap-letter{display:inline-block}<\/style>\t\t\t\t<p>En cumplimiento con lo dispuesto en el art\u00edculo 22.2 de la Ley 34\/2002, de 11 de julio, de Servicios de la Sociedad de la Informaci\u00f3n y de Comercio Electr\u00f3nico, esta p\u00e1gina web le informa, en esta secci\u00f3n, sobre la pol\u00edtica de recogida y tratamiento de cookies.<\/p>\n<h3>\u00bfQU\u00c9 SON LAS COOKIES?<\/h3>\n<p>Una cookie es un fichero que se descarga en su ordenador al acceder a determinadas p\u00e1ginas web. Las cookies permiten a una p\u00e1gina web, entre otras cosas, almacenar y recuperar informaci\u00f3n sobre los h\u00e1bitos de navegaci\u00f3n de un usuario o de su equipo y, dependiendo de la informaci\u00f3n que contengan y de la forma en que utilice su equipo, pueden utilizarse para reconocer al usuario.<\/p>\n<h3>\u00bfQU\u00c9 TIPOS DE COOKIES UTILIZA ESTA P\u00c1GINA WEB?<\/h3>\n<p>Esta p\u00e1gina web utiliza los siguientes tipos de cookies:<\/p>\n<p><strong>Cookies de an\u00e1lisis:<\/strong> Son aqu\u00e9llas que bien tratadas por nosotros o por terceros, nos permiten cuantificar el n\u00famero de usuarios y as\u00ed realizar la medici\u00f3n y an\u00e1lisis estad\u00edstico de la utilizaci\u00f3n que hacen los usuarios del servicio ofertado. Para ello se analiza su navegaci\u00f3n en nuestra p\u00e1gina web con el fin de mejorar la oferta de productos o servicios que le ofrecemos.<\/p>\n<p><strong>Cookies t\u00e9cnicas:<\/strong> Son aquellas que permiten al usuario la navegaci\u00f3n a trav\u00e9s del \u00e1rea restringida y la utilizaci\u00f3n de sus diferentes funciones, como por ejemplo, llevar a cambio el proceso de compra de un art\u00edculo.<\/p>\n<p><strong>Cookies de personalizaci\u00f3n:<\/strong> Son aquellas que permiten al usuario acceder al servicio con algunas caracter\u00edsticas de car\u00e1cter general predefinidas en funci\u00f3n de una serie de criterios en el terminal del usuario como por ejemplo serian el idioma o el tipo de navegador a trav\u00e9s del cual se conecta al servicio.<\/p>\n<p><strong>Cookies publicitarias:<\/strong> Son aqu\u00e9llas que, bien tratadas por esta web o por terceros, permiten gestionar de la forma m\u00e1s eficaz posible la oferta de los espacios publicitarios que hay en la p\u00e1gina web, adecuando el contenido del anuncio al contenido del servicio solicitado o al uso que realice de nuestra p\u00e1gina web. Para ello podemos analizar sus h\u00e1bitos de navegaci\u00f3n en Internet y podemos mostrarle publicidad relacionada con su perfil de navegaci\u00f3n.<\/p>\n<p><strong>Cookies de publicidad comportamental:<\/strong> Son aquellas que permiten la gesti\u00f3n, de la forma m\u00e1s eficaz posible, de los espacios publicitarios que, en su caso, el editor haya incluido en una p\u00e1gina web, aplicaci\u00f3n o plataforma desde la que presta el servicio solicitado. Este tipo de cookies almacenan informaci\u00f3n del comportamiento de los visitantes obtenida a trav\u00e9s de la observaci\u00f3n continuada de sus h\u00e1bitos de navegaci\u00f3n, lo que permite desarrollar un perfil espec\u00edfico para mostrar avisos publicitarios en funci\u00f3n del mismo.<\/p>\n<h3>DESACTIVAR LAS COOKIES.<\/h3>\n<p>Puede usted permitir, bloquear o eliminar las cookies instaladas en su equipo mediante la configuraci\u00f3n de las opciones del navegador instalado en su ordenador.<br \/>En la mayor\u00eda de los navegadores web se ofrece la posibilidad de permitir, bloquear o eliminar las cookies instaladas en su equipo.<\/p>\n<p>A continuaci\u00f3n puede acceder a la configuraci\u00f3n de los navegadores webs m\u00e1s frecuentes para aceptar, instalar o desactivar las cookies:<\/p>\n<p><a href=\"https:\/\/support.google.com\/chrome\/answer\/95647?hl=es\" target=\"_blank\" rel=\"noopener\"><span style=\"text-decoration: underline;\">Configurar cookies en Google Chrome<\/span><\/a><\/p>\n<p><a href=\"https:\/\/support.microsoft.com\/es-es\/windows?ui=es-ES&amp;rs=es-ES&amp;ad=ES\" target=\"_blank\" rel=\"noopener\"><span style=\"text-decoration: underline;\">Configurar cookies en Microsoft Internet Explorer<\/span><\/a><\/p>\n<p><a href=\"https:\/\/support.mozilla.org\/es\/kb\/habilitar-y-deshabilitar-cookies-sitios-web-rastrear-preferencias?redirectlocale=es&amp;redirectslug=habilitar-y-deshabilitar-cookies-que-los-sitios-we\" target=\"_blank\" rel=\"noopener\"><span style=\"text-decoration: underline;\">Configurar cookies en Mozilla Firefox<\/span><\/a><\/p>\n<p><span style=\"text-decoration: underline;\"><a href=\"https:\/\/support.apple.com\/es-es\/HT201265\" target=\"_blank\" rel=\"noopener\"><span style=\"text-decoration: underline;\">Configurar cookies en Safari (Apple)<\/span><\/a><\/span><\/p>\n<h3>COOKIES DE TERCEROS.<\/h3>\n<p>Esta p\u00e1gina web utiliza servicios de terceros para recopilar informaci\u00f3n con fines estad\u00edsticos y de uso de la web. Se usan cookies de DoubleClick para mejorar la publicidad que se incluye en el sitio web. Son utilizadas para orientar la publicidad seg\u00fan el contenido que es relevante para un usuario, mejorando as\u00ed la calidad de experiencia en el uso del mismo.<\/p>\n<p>En concreto, usamos los servicios de Google Adsense y de Google Analytics para nuestras estad\u00edsticas y publicidad. Algunas cookies son esenciales para el funcionamiento del sitio, por ejemplo el buscador incorporado.<\/p>\n<p>Nuestro sitio incluye otras funcionalidades proporcionadas por terceros. Usted puede f\u00e1cilmente compartir el contenido en redes sociales como Facebook, Twitter o Google +, con los botones que hemos incluido a tal efecto.<\/p>\n<h3>ADVERTENCIA SOBRE ELIMINAR COOKIES.<\/h3>\n<p>Usted puede eliminar y bloquear todas las cookies de este sitio, pero parte del sitio no funcionar\u00e1 o la calidad de la p\u00e1gina web puede verse afectada.<\/p>\n<p>Si tiene cualquier duda acerca de nuestra pol\u00edtica de cookies, puede contactar con esta p\u00e1gina web a trav\u00e9s de nuestros canales de Contacto.<\/p>\n\t\t\t\t\t\t<\/div>\n\t\t\t\t<\/div>\n\t\t\t\t<div class=\"elementor-element elementor-element-d6e7a6b elementor-widget elementor-widget-text-editor\" data-id=\"d6e7a6b\" data-element_type=\"widget\" data-widget_type=\"text-editor.default\">\n\t\t\t\t<div class=\"elementor-widget-container\">\n\t\t\t\t\t\t\t<h3>Nuestras Cookies<\/h3>\n<p><strong>Cookies necesarias:<\/strong> son absolutamente imprescindibles para que el sitio web funcione correctamente. Estas cookies garantizan las funcionalidades b\u00e1sicas y las caracter\u00edsticas de seguridad del sitio web, de forma an\u00f3nima.<\/p>\n<table class=\"cookielawinfo-row-cat-table cookielawinfo-winter\">\n<thead>\n<tr>\n<th class=\"cookielawinfo-column-1\">Cookie<\/th>\n<th class=\"cookielawinfo-column-3\">Duraci\u00f3n<\/th>\n<th class=\"cookielawinfo-column-4\">Descripci\u00f3n<\/th>\n<\/tr>\n<\/thead>\n<tbody>\n<tr class=\"cookielawinfo-row\">\n<td class=\"cookielawinfo-column-1\">cookielawinfo-checkbox-analytics<\/td>\n<td class=\"cookielawinfo-column-3\">11 meses<\/td>\n<td class=\"cookielawinfo-column-4\">Esta cookie es establecida por el plugin GDPR Cookie Consent. La cookie se utiliza para almacenar el consentimiento del usuario para las cookies de la categor\u00eda \u00abAnalytics\u00bb.<\/td>\n<\/tr>\n<tr class=\"cookielawinfo-row\">\n<td class=\"cookielawinfo-column-1\">cookielawinfo-checkbox-functional<\/td>\n<td class=\"cookielawinfo-column-3\">11 meses<\/td>\n<td class=\"cookielawinfo-column-4\">La cookie se establece por el consentimiento de cookies GDPR para registrar el consentimiento del usuario para las cookies en la categor\u00eda \u00abFuncional\u00bb.<\/td>\n<\/tr>\n<tr class=\"cookielawinfo-row\">\n<td class=\"cookielawinfo-column-1\">cookielawinfo-checkbox-necessary<\/td>\n<td class=\"cookielawinfo-column-3\">11 meses<\/td>\n<td class=\"cookielawinfo-column-4\">Esta cookie es establecida por el plugin GDPR Cookie Consent. Las cookies se utilizan para almacenar el consentimiento del usuario para las cookies en la categor\u00eda \u00abNecesario\u00bb.<\/td>\n<\/tr>\n<tr class=\"cookielawinfo-row\">\n<td class=\"cookielawinfo-column-1\">cookielawinfo-checkbox-others<\/td>\n<td class=\"cookielawinfo-column-3\">11 meses<\/td>\n<td class=\"cookielawinfo-column-4\">Esta cookie es establecida por el plugin GDPR Cookie Consent. La cookie se utiliza para almacenar el consentimiento del usuario para las cookies de la categor\u00eda \u00abOtros\u00bb.<\/td>\n<\/tr>\n<tr class=\"cookielawinfo-row\">\n<td class=\"cookielawinfo-column-1\">cookielawinfo-checkbox-performance<\/td>\n<td class=\"cookielawinfo-column-3\">11 meses<\/td>\n<td class=\"cookielawinfo-column-4\">Esta cookie es establecida por el plugin GDPR Cookie Consent. La cookie se utiliza para almacenar el consentimiento del usuario para las cookies de la categor\u00eda \u00abRendimiento\u00bb.<\/td>\n<\/tr>\n<tr class=\"cookielawinfo-row\">\n<td class=\"cookielawinfo-column-1\">viewed_cookie_policy<\/td>\n<td class=\"cookielawinfo-column-3\">11 meses<\/td>\n<td class=\"cookielawinfo-column-4\">La cookie es establecida por el plugin GDPR Cookie Consent y se utiliza para almacenar si el usuario ha consentido o no el uso de cookies. No almacena ning\u00fan dato personal.<\/td>\n<\/tr>\n<\/tbody>\n<\/table>\n\t\t\t\t\t\t<\/div>\n\t\t\t\t<\/div>\n\t\t\t\t<div class=\"elementor-element elementor-element-bb9ed7c elementor-widget elementor-widget-text-editor\" data-id=\"bb9ed7c\" data-element_type=\"widget\" data-widget_type=\"text-editor.default\">\n\t\t\t\t<div class=\"elementor-widget-container\">\n\t\t\t\t\t\t\t<p><strong>Cookies anal\u00edticas:<\/strong> se utilizan para entender c\u00f3mo interact\u00faan los visitantes con el sitio web. Estas cookies ayudan a proporcionar informaci\u00f3n sobre las m\u00e9tricas del n\u00famero de visitantes, la tasa de rebote, la fuente de tr\u00e1fico, etc.<\/p>\n<table class=\"cookielawinfo-row-cat-table cookielawinfo-winter\">\n<thead>\n<tr>\n<th class=\"cookielawinfo-column-1\">Cookie<\/th>\n<th class=\"cookielawinfo-column-3\">Duraci\u00f3n<\/th>\n<th class=\"cookielawinfo-column-4\">Descripci\u00f3n<\/th>\n<\/tr>\n<\/thead>\n<tbody>\n<tr class=\"cookielawinfo-row\">\n<td class=\"cookielawinfo-column-1\">_ga<\/td>\n<td class=\"cookielawinfo-column-3\">11 meses<\/td>\n<td class=\"cookielawinfo-column-4\">Cookie de Google Inc para recoger estad\u00edsticas de la web. No se recogen datos personales de los usuarios.<\/td>\n<\/tr>\n<tr class=\"cookielawinfo-row\">\n<td class=\"cookielawinfo-column-1\">_ga_********<\/td>\n<td class=\"cookielawinfo-column-3\">11 meses<\/td>\n<td class=\"cookielawinfo-column-4\">Cookie de Google Inc para recoger estad\u00edsticas de la web. No se recogen datos personales de los usuarios.<\/td>\n<\/tr>\n<tr class=\"cookielawinfo-row\">\n<td class=\"cookielawinfo-column-1\">_gid<\/td>\n<td class=\"cookielawinfo-column-3\">11 meses<\/td>\n<td class=\"cookielawinfo-column-4\">Cookie de Google Inc para recoger estad\u00edsticas de la web. No se recogen datos personales de los usuarios.<\/td>\n<\/tr>\n<\/tbody>\n<\/table>\n\t\t\t\t\t\t<\/div>\n\t\t\t\t<\/div>\n\t\t\t\t<div class=\"elementor-element elementor-element-40f7b7c elementor-widget elementor-widget-spacer\" data-id=\"40f7b7c\" data-element_type=\"widget\" data-widget_type=\"spacer.default\">\n\t\t\t\t<div class=\"elementor-widget-container\">\n\t\t\t<style>\/*! elementor - v3.11.5 - 14-03-2023 *\/\n.elementor-column .elementor-spacer-inner{height:var(--spacer-size)}.e-con{--container-widget-width:100%}.e-con-inner>.elementor-widget-spacer,.e-con>.elementor-widget-spacer{width:var(--container-widget-width,var(--spacer-size));--align-self:var(--container-widget-align-self,initial);--flex-shrink:0}.e-con-inner>.elementor-widget-spacer>.elementor-widget-container,.e-con-inner>.elementor-widget-spacer>.elementor-widget-container>.elementor-spacer,.e-con>.elementor-widget-spacer>.elementor-widget-container,.e-con>.elementor-widget-spacer>.elementor-widget-container>.elementor-spacer{height:100%}.e-con-inner>.elementor-widget-spacer>.elementor-widget-container>.elementor-spacer>.elementor-spacer-inner,.e-con>.elementor-widget-spacer>.elementor-widget-container>.elementor-spacer>.elementor-spacer-inner{height:var(--container-widget-height,var(--spacer-size))}<\/style>\t\t<div class=\"elementor-spacer\">\n\t\t\t<div class=\"elementor-spacer-inner\"><\/div>\n\t\t<\/div>\n\t\t\t\t<\/div>\n\t\t\t\t<\/div>\n\t\t\t\t\t<\/div>\n\t\t<\/div>\n\t\t\t\t\t\t\t<\/div>\n\t\t<\/section>\n\t\t\t\t\t\t\t<\/div>\n\t\t","protected":false},"excerpt":{"rendered":"<p>En cumplimiento con lo dispuesto en el art\u00edculo 22.2 de la Ley 34\/2002, de 11 de julio, de Servicios de la Sociedad de la Informaci\u00f3n y de Comercio Electr\u00f3nico, esta p\u00e1gina web le informa, en esta secci\u00f3n, sobre la pol\u00edtica de recogida y tratamiento de&#8230;<\/p>\n","protected":false},"author":3,"featured_media":0,"parent":0,"menu_order":0,"comment_status":"closed","ping_status":"closed","template":"","meta":{"content-type":"","_monsterinsights_skip_tracking":false,"_monsterinsights_sitenote_active":false,"_monsterinsights_sitenote_note":"","_monsterinsights_sitenote_category":0,"_uf_show_specific_survey":0,"_uf_disable_surveys":false},"acf":[],"aioseo_notices":[],"_links":{"self":[{"href":"https:\/\/biatgroup.com\/es\/wp-json\/wp\/v2\/pages\/20582"}],"collection":[{"href":"https:\/\/biatgroup.com\/es\/wp-json\/wp\/v2\/pages"}],"about":[{"href":"https:\/\/biatgroup.com\/es\/wp-json\/wp\/v2\/types\/page"}],"author":[{"embeddable":true,"href":"https:\/\/biatgroup.com\/es\/wp-json\/wp\/v2\/users\/3"}],"replies":[{"embeddable":true,"href":"https:\/\/biatgroup.com\/es\/wp-json\/wp\/v2\/comments?post=20582"}],"version-history":[{"count":0,"href":"https:\/\/biatgroup.com\/es\/wp-json\/wp\/v2\/pages\/20582\/revisions"}],"wp:attachment":[{"href":"https:\/\/biatgroup.com\/es\/wp-json\/wp\/v2\/media?parent=20582"}],"curies":[{"name":"wp","href":"https:\/\/api.w.org\/{rel}","templated":true}]}}