{"id":21533,"date":"2023-03-07T11:55:16","date_gmt":"2023-03-07T10:55:16","guid":{"rendered":"https:\/\/biatgroup.com\/?page_id=21533"},"modified":"2023-06-19T11:59:24","modified_gmt":"2023-06-19T09:59:24","slug":"blog-biat","status":"publish","type":"page","link":"https:\/\/biatgroup.com\/es\/blog-biat\/","title":{"rendered":"NOTICIAS BIAT"},"content":{"rendered":"\t\t<div data-elementor-type=\"wp-page\" data-elementor-id=\"21533\" class=\"elementor elementor-21533 elementor-21522\">\n\t\t\t\t\t\t\t\t\t<section class=\"elementor-section elementor-top-section elementor-element elementor-element-f2d89c3 elementor-section-boxed elementor-section-height-default elementor-section-height-default parallax_section_no qode_elementor_container_no\" data-id=\"f2d89c3\" data-element_type=\"section\">\n\t\t\t\t\t\t<div class=\"elementor-container elementor-column-gap-default\">\n\t\t\t\t\t<div class=\"elementor-column elementor-col-100 elementor-top-column elementor-element elementor-element-0974463\" data-id=\"0974463\" data-element_type=\"column\">\n\t\t\t<div class=\"elementor-widget-wrap elementor-element-populated\">\n\t\t\t\t\t\t\t\t<div class=\"elementor-element elementor-element-e7865d2 elementor-grid-2 elementor-grid-tablet-2 elementor-grid-mobile-1 elementor-posts--thumbnail-top elementor-widget elementor-widget-posts\" data-id=\"e7865d2\" data-element_type=\"widget\" data-settings=\"{&quot;classic_columns&quot;:&quot;2&quot;,&quot;classic_columns_tablet&quot;:&quot;2&quot;,&quot;classic_columns_mobile&quot;:&quot;1&quot;,&quot;classic_row_gap&quot;:{&quot;unit&quot;:&quot;px&quot;,&quot;size&quot;:35,&quot;sizes&quot;:[]},&quot;classic_row_gap_tablet&quot;:{&quot;unit&quot;:&quot;px&quot;,&quot;size&quot;:&quot;&quot;,&quot;sizes&quot;:[]},&quot;classic_row_gap_mobile&quot;:{&quot;unit&quot;:&quot;px&quot;,&quot;size&quot;:&quot;&quot;,&quot;sizes&quot;:[]}}\" data-widget_type=\"posts.classic\">\n\t\t\t\t<div class=\"elementor-widget-container\">\n\t\t\t<link rel=\"stylesheet\" href=\"https:\/\/biatgroup.com\/wp-content\/plugins\/pro-elements\/assets\/css\/widget-posts.min.css\">\t\t<div class=\"elementor-posts-container elementor-posts elementor-posts--skin-classic elementor-grid\">\n\t\t\t\t<article class=\"elementor-post elementor-grid-item post-22569 post type-post status-publish format-standard hentry category-noticias\">\n\t\t\t\t<div class=\"elementor-post__text\">\n\t\t\t\t<h3 class=\"elementor-post__title\">\n\t\t\t<a href=\"https:\/\/biatgroup.com\/es\/april-is-a-month-packed-with-events-for-biobide\/\" >\n\t\t\t\tBiobide asistir\u00e1 a los principales eventos del sector en abril: DNT5, Taller NC3Rs y D\u00eda Suizo de la Biotecnolog\u00eda\t\t\t<\/a>\n\t\t<\/h3>\n\t\t\t\t<div class=\"elementor-post__meta-data\">\n\t\t\t\t\t<span class=\"elementor-post-date\">\n\t\t\tabril 8, 2024\t\t<\/span>\n\t\t\t\t<span class=\"elementor-post-avatar\">\n\t\t\tNo hay comentarios\t\t<\/span>\n\t\t\t\t<\/div>\n\t\t\t\t<div class=\"elementor-post__excerpt\">\n\t\t\t<p>Biobide asistir\u00e1 en abril a varios eventos clave del sector, centrados en los avances en los ensayos de neurotoxicidad del desarrollo y las alternativas a la investigaci\u00f3n con animales. DNT5 &#8211; 5\u00aa Conferencia Internacional sobre Ensayos de Neurotoxicidad en el Desarrollo (DNT): Nuestra Directora de<\/p>\n\t\t<\/div>\n\t\t\n\t\t<a class=\"elementor-post__read-more\" href=\"https:\/\/biatgroup.com\/es\/april-is-a-month-packed-with-events-for-biobide\/\" aria-label=\"Read more about Biobide asistir\u00e1 a los principales eventos del sector en abril: DNT5, Taller NC3Rs y D\u00eda Suizo de la Biotecnolog\u00eda\" >\n\t\t\tLeer m\u00e1s\t\t<\/a>\n\n\t\t\t\t<\/div>\n\t\t\t\t<\/article>\n\t\t\t\t<article class=\"elementor-post elementor-grid-item post-22544 post type-post status-publish format-standard hentry category-noticias category-sin-categorizar\">\n\t\t\t\t<div class=\"elementor-post__text\">\n\t\t\t\t<h3 class=\"elementor-post__title\">\n\t\t\t<a href=\"https:\/\/biatgroup.com\/es\/biat-bst-aumenta-ventas-netas-un-38-y-cierra-2023-con-beneficios-de-157-millones-de-euros\/\" >\n\t\t\t\tBIAT (BST) aumenta ventas netas un 38% y cierra 2023 con beneficios de +1,57 millones de euros\t\t\t<\/a>\n\t\t<\/h3>\n\t\t\t\t<div class=\"elementor-post__meta-data\">\n\t\t\t\t\t<span class=\"elementor-post-date\">\n\t\t\tabril 8, 2024\t\t<\/span>\n\t\t\t\t<span class=\"elementor-post-avatar\">\n\t\t\tNo hay comentarios\t\t<\/span>\n\t\t\t\t<\/div>\n\t\t\t\t<div class=\"elementor-post__excerpt\">\n\t\t\t<p>El grupo biotecnol\u00f3gico Biat (ticker BST) ha presentado sus resultados correspondientes al a\u00f1o 2023, destacando el aumento del 38% en las ventas netas y el resultado positivo del ejercicio, alcanzando la cifra de +1.57 millones de euros. Para obtener informaci\u00f3n detallada consulta el informe completo<\/p>\n\t\t<\/div>\n\t\t\n\t\t<a class=\"elementor-post__read-more\" href=\"https:\/\/biatgroup.com\/es\/biat-bst-aumenta-ventas-netas-un-38-y-cierra-2023-con-beneficios-de-157-millones-de-euros\/\" aria-label=\"Read more about BIAT (BST) aumenta ventas netas un 38% y cierra 2023 con beneficios de +1,57 millones de euros\" >\n\t\t\tLeer m\u00e1s\t\t<\/a>\n\n\t\t\t\t<\/div>\n\t\t\t\t<\/article>\n\t\t\t\t<article class=\"elementor-post elementor-grid-item post-22499 post type-post status-publish format-standard hentry category-noticias category-sin-categorizar\">\n\t\t\t\t<div class=\"elementor-post__text\">\n\t\t\t\t<h3 class=\"elementor-post__title\">\n\t\t\t<a href=\"https:\/\/biatgroup.com\/es\/aprobado-por-junta-general-extraordinaria-la-capitalizacion-de-prestamo-por-valor-de-2-3-millones\/\" >\n\t\t\t\tAprobado por Junta General Extraordinaria la capitalizaci\u00f3n de pr\u00e9stamo por valor de 2.3 millones\t\t\t<\/a>\n\t\t<\/h3>\n\t\t\t\t<div class=\"elementor-post__meta-data\">\n\t\t\t\t\t<span class=\"elementor-post-date\">\n\t\t\tmarzo 22, 2024\t\t<\/span>\n\t\t\t\t<span class=\"elementor-post-avatar\">\n\t\t\tNo hay comentarios\t\t<\/span>\n\t\t\t\t<\/div>\n\t\t\t\t<div class=\"elementor-post__excerpt\">\n\t\t\t<p>Aprobado por Junta General Extraordinaria la capitalizaci\u00f3n de pr\u00e9stamo por valor de 2.3 millones En la Junta General Extraordinaria de accionistas celebrada a 21 de marzo de 2024 se ha aprobado la capitalizaci\u00f3n de un pr\u00e9stamo por valor de 2.3 millones de euros mediante la<\/p>\n\t\t<\/div>\n\t\t\n\t\t<a class=\"elementor-post__read-more\" href=\"https:\/\/biatgroup.com\/es\/aprobado-por-junta-general-extraordinaria-la-capitalizacion-de-prestamo-por-valor-de-2-3-millones\/\" aria-label=\"Read more about Aprobado por Junta General Extraordinaria la capitalizaci\u00f3n de pr\u00e9stamo por valor de 2.3 millones\" >\n\t\t\tLeer m\u00e1s\t\t<\/a>\n\n\t\t\t\t<\/div>\n\t\t\t\t<\/article>\n\t\t\t\t<article class=\"elementor-post elementor-grid-item post-22455 post type-post status-publish format-standard hentry category-noticias\">\n\t\t\t\t<div class=\"elementor-post__text\">\n\t\t\t\t<h3 class=\"elementor-post__title\">\n\t\t\t<a href=\"https:\/\/biatgroup.com\/es\/biat-group-bio-europe-spring-2024\/\" >\n\t\t\t\tDESBLOQUEA LA INNOVACI\u00d3N: \u00a1\u00daNASE A NOSOTROS EN BIO-EUROPE PRIMAVERA 2024!\t\t\t<\/a>\n\t\t<\/h3>\n\t\t\t\t<div class=\"elementor-post__meta-data\">\n\t\t\t\t\t<span class=\"elementor-post-date\">\n\t\t\tmarzo 4, 2024\t\t<\/span>\n\t\t\t\t<span class=\"elementor-post-avatar\">\n\t\t\tNo hay comentarios\t\t<\/span>\n\t\t\t\t<\/div>\n\t\t\t\t<div class=\"elementor-post__excerpt\">\n\t\t\t<p>Unlocking Innovation: Join Us at Bio-Europe Spring 2024! \u00danase a BIAT en el principal evento europeo de partnering biotecnol\u00f3gico, Bio-Europe Spring. Expondremos nuestras soluciones de vanguardia en Barcelona (del 18 al 20 de marzo) y virtualmente (del 25 al 27 de marzo). \u00bfQu\u00e9 ofrece el<\/p>\n\t\t<\/div>\n\t\t\n\t\t<a class=\"elementor-post__read-more\" href=\"https:\/\/biatgroup.com\/es\/biat-group-bio-europe-spring-2024\/\" aria-label=\"Read more about DESBLOQUEA LA INNOVACI\u00d3N: \u00a1\u00daNASE A NOSOTROS EN BIO-EUROPE PRIMAVERA 2024!\" >\n\t\t\tLeer m\u00e1s\t\t<\/a>\n\n\t\t\t\t<\/div>\n\t\t\t\t<\/article>\n\t\t\t\t<article class=\"elementor-post elementor-grid-item post-22133 post type-post status-publish format-standard hentry category-blog-es tag-animalmodel-es tag-drugdiscovery-es tag-scientificresearch-es tag-toxicologyassays-es tag-zebrafish-2-es\">\n\t\t\t\t<div class=\"elementor-post__text\">\n\t\t\t\t<h3 class=\"elementor-post__title\">\n\t\t\t<a href=\"https:\/\/biatgroup.com\/es\/acelerar-el-desarrollo-de-farmacos-de-forma-segura-el-poder-de-determinar-el-rango-de-dosis-y-el-pez-cebra-en-la-investigacion-preclinica\/\" >\n\t\t\t\tAcelerar el desarrollo de f\u00e1rmacos de forma segura: El poder de determinar el rango de dosis y el pez cebra en la investigaci\u00f3n precl\u00ednica\t\t\t<\/a>\n\t\t<\/h3>\n\t\t\t\t<div class=\"elementor-post__meta-data\">\n\t\t\t\t\t<span class=\"elementor-post-date\">\n\t\t\tjunio 23, 2023\t\t<\/span>\n\t\t\t\t<span class=\"elementor-post-avatar\">\n\t\t\tNo hay comentarios\t\t<\/span>\n\t\t\t\t<\/div>\n\t\t\t\t<div class=\"elementor-post__excerpt\">\n\t\t\t<p>Descubra c\u00f3mo el ensayo Dose Range Finding (DRF) y el pez cebra como modelo alternativo est\u00e1n revolucionando la investigaci\u00f3n precl\u00ednica. Aprenda c\u00f3mo el DRF determina los niveles de tolerabilidad de los compuestos y por qu\u00e9 el pez cebra, con su similitud gen\u00e9tica con los humanos, su transparencia y su rentabilidad, tiene un valor incalculable en el cribado de toxicidad.<br \/>\nDescubra c\u00f3mo este enfoque ahorra tiempo y costes en las primeras fases del descubrimiento de f\u00e1rmacos, al tiempo que garantiza su seguridad.<br \/>\nAcelere su investigaci\u00f3n con el pez cebra y descubra el potencial de un desarrollo de f\u00e1rmacos m\u00e1s r\u00e1pido y seguro.<\/p>\n\t\t<\/div>\n\t\t\n\t\t<a class=\"elementor-post__read-more\" href=\"https:\/\/biatgroup.com\/es\/acelerar-el-desarrollo-de-farmacos-de-forma-segura-el-poder-de-determinar-el-rango-de-dosis-y-el-pez-cebra-en-la-investigacion-preclinica\/\" aria-label=\"Read more about Acelerar el desarrollo de f\u00e1rmacos de forma segura: El poder de determinar el rango de dosis y el pez cebra en la investigaci\u00f3n precl\u00ednica\" >\n\t\t\tLeer m\u00e1s\t\t<\/a>\n\n\t\t\t\t<\/div>\n\t\t\t\t<\/article>\n\t\t\t\t<article class=\"elementor-post elementor-grid-item post-22093 post type-post status-publish format-standard hentry category-noticias\">\n\t\t\t\t<div class=\"elementor-post__text\">\n\t\t\t\t<h3 class=\"elementor-post__title\">\n\t\t\t<a href=\"https:\/\/biatgroup.com\/es\/zip-solutions-and-researcher-miguel-angel-moreno-mateos-initiate-scientific-alliance-to-boost-precision-gene-editing\/\" >\n\t\t\t\tZip Solutions y el investigador Miguel \u00c1ngel Moreno-Mateos inician una alianza cient\u00edfica para impulsar la edici\u00f3n g\u00e9nica de precisi\u00f3n\t\t\t<\/a>\n\t\t<\/h3>\n\t\t\t\t<div class=\"elementor-post__meta-data\">\n\t\t\t\t\t<span class=\"elementor-post-date\">\n\t\t\tjunio 15, 2023\t\t<\/span>\n\t\t\t\t<span class=\"elementor-post-avatar\">\n\t\t\tNo hay comentarios\t\t<\/span>\n\t\t\t\t<\/div>\n\t\t\t\t<div class=\"elementor-post__excerpt\">\n\t\t\t<p>Barcelona, Sevilla (Junio, 15) &#8211; Zip Solutions (Biat Group, ticker BST) y el Dr. Miguel \u00c1ngel Moreno-Mateos han iniciado una colaboraci\u00f3n estrat\u00e9gica para avanzar en la optimizaci\u00f3n de la edici\u00f3n g\u00e9nica de precisi\u00f3n. La edici\u00f3n g\u00e9nica es una tecnolog\u00eda revolucionaria que nos permite realizar cambios<\/p>\n\t\t<\/div>\n\t\t\n\t\t<a class=\"elementor-post__read-more\" href=\"https:\/\/biatgroup.com\/es\/zip-solutions-and-researcher-miguel-angel-moreno-mateos-initiate-scientific-alliance-to-boost-precision-gene-editing\/\" aria-label=\"Read more about Zip Solutions y el investigador Miguel \u00c1ngel Moreno-Mateos inician una alianza cient\u00edfica para impulsar la edici\u00f3n g\u00e9nica de precisi\u00f3n\" >\n\t\t\tLeer m\u00e1s\t\t<\/a>\n\n\t\t\t\t<\/div>\n\t\t\t\t<\/article>\n\t\t\t\t<\/div>\n\t\t\n\t\t\t\t<\/div>\n\t\t\t\t<\/div>\n\t\t\t\t\t<\/div>\n\t\t<\/div>\n\t\t\t\t\t\t\t<\/div>\n\t\t<\/section>\n\t\t\t\t\t\t\t<\/div>\n\t\t","protected":false},"excerpt":{"rendered":"","protected":false},"author":6,"featured_media":0,"parent":0,"menu_order":0,"comment_status":"closed","ping_status":"closed","template":"","meta":{"content-type":"","_monsterinsights_skip_tracking":false,"_monsterinsights_sitenote_active":false,"_monsterinsights_sitenote_note":"","_monsterinsights_sitenote_category":0,"_uf_show_specific_survey":0,"_uf_disable_surveys":false},"acf":[],"aioseo_notices":[],"_links":{"self":[{"href":"https:\/\/biatgroup.com\/es\/wp-json\/wp\/v2\/pages\/21533"}],"collection":[{"href":"https:\/\/biatgroup.com\/es\/wp-json\/wp\/v2\/pages"}],"about":[{"href":"https:\/\/biatgroup.com\/es\/wp-json\/wp\/v2\/types\/page"}],"author":[{"embeddable":true,"href":"https:\/\/biatgroup.com\/es\/wp-json\/wp\/v2\/users\/6"}],"replies":[{"embeddable":true,"href":"https:\/\/biatgroup.com\/es\/wp-json\/wp\/v2\/comments?post=21533"}],"version-history":[{"count":2,"href":"https:\/\/biatgroup.com\/es\/wp-json\/wp\/v2\/pages\/21533\/revisions"}],"predecessor-version":[{"id":22119,"href":"https:\/\/biatgroup.com\/es\/wp-json\/wp\/v2\/pages\/21533\/revisions\/22119"}],"wp:attachment":[{"href":"https:\/\/biatgroup.com\/es\/wp-json\/wp\/v2\/media?parent=21533"}],"curies":[{"name":"wp","href":"https:\/\/api.w.org\/{rel}","templated":true}]}}