{"id":22269,"date":"2024-01-19T11:37:48","date_gmt":"2024-01-19T10:37:48","guid":{"rendered":"https:\/\/biatgroup.com\/click-car\/"},"modified":"2024-02-14T12:15:50","modified_gmt":"2024-02-14T11:15:50","slug":"click-car","status":"publish","type":"page","link":"https:\/\/biatgroup.com\/es\/click-car\/","title":{"rendered":"CLICK CAR"},"content":{"rendered":"\t\t<div data-elementor-type=\"wp-page\" data-elementor-id=\"22269\" class=\"elementor elementor-22269 elementor-22248\">\n\t\t\t\t\t\t\t\t\t<section class=\"elementor-section elementor-top-section elementor-element elementor-element-4c7d135 elementor-section-boxed elementor-section-height-default elementor-section-height-default parallax_section_no qode_elementor_container_no\" data-id=\"4c7d135\" data-element_type=\"section\">\n\t\t\t\t\t\t<div class=\"elementor-container elementor-column-gap-default\">\n\t\t\t\t\t<div class=\"elementor-column elementor-col-100 elementor-top-column elementor-element elementor-element-aa1d729\" data-id=\"aa1d729\" data-element_type=\"column\">\n\t\t\t<div class=\"elementor-widget-wrap elementor-element-populated\">\n\t\t\t\t\t\t\t\t<div class=\"elementor-element elementor-element-9439780 elementor-widget elementor-widget-text-editor\" data-id=\"9439780\" data-element_type=\"widget\" data-widget_type=\"text-editor.default\">\n\t\t\t\t<div class=\"elementor-widget-container\">\n\t\t\t<style>\/*! elementor - v3.11.5 - 14-03-2023 *\/\n.elementor-widget-text-editor.elementor-drop-cap-view-stacked .elementor-drop-cap{background-color:#818a91;color:#fff}.elementor-widget-text-editor.elementor-drop-cap-view-framed .elementor-drop-cap{color:#818a91;border:3px solid;background-color:transparent}.elementor-widget-text-editor:not(.elementor-drop-cap-view-default) .elementor-drop-cap{margin-top:8px}.elementor-widget-text-editor:not(.elementor-drop-cap-view-default) .elementor-drop-cap-letter{width:1em;height:1em}.elementor-widget-text-editor .elementor-drop-cap{float:left;text-align:center;line-height:1;font-size:50px}.elementor-widget-text-editor .elementor-drop-cap-letter{display:inline-block}<\/style>\t\t\t\t<h3>\u00bfQu\u00e9 es Click Car?: TecNOLOG\u00cdA<\/h3>\t\t\t\t\t\t<\/div>\n\t\t\t\t<\/div>\n\t\t\t\t<div class=\"elementor-element elementor-element-9b476ed elementor-view-default elementor-vertical-align-top elementor-widget elementor-widget-icon-box\" data-id=\"9b476ed\" data-element_type=\"widget\" data-widget_type=\"icon-box.default\">\n\t\t\t\t<div class=\"elementor-widget-container\">\n\t\t\t<link rel=\"stylesheet\" href=\"https:\/\/biatgroup.com\/wp-content\/plugins\/elementor\/assets\/css\/widget-icon-box.min.css\">\t\t<div class=\"elementor-icon-box-wrapper\">\n\t\t\t\t\t\t<div class=\"elementor-icon-box-content\">\n\t\t\t\t<h3 class=\"elementor-icon-box-title\">\n\t\t\t\t\t<span  >\n\t\t\t\t\t\tSplit-CARs conectores universales\t\t\t\t\t<\/span>\n\t\t\t\t<\/h3>\n\t\t\t\t\t\t\t<\/div>\n\t\t<\/div>\n\t\t\t\t<\/div>\n\t\t\t\t<\/div>\n\t\t\t\t<div class=\"elementor-element elementor-element-9b3a736 elementor-widget elementor-widget-text-editor\" data-id=\"9b3a736\" data-element_type=\"widget\" data-widget_type=\"text-editor.default\">\n\t\t\t\t<div class=\"elementor-widget-container\">\n\t\t\t\t\t\t\tUn enfoque revolucionario de la terapia con c\u00e9lulas T de receptores de ant\u00edgenos quim\u00e9ricos (CAR), que utiliza la innovadora tecnolog\u00eda Split-CAR, ofreciendo una versatilidad sin precedentes y una mayor eficacia. Nuestro sistema patentado Split-CAR se integra a la perfecci\u00f3n con c\u00e9lulas T alog\u00e9nicas y aut\u00f3logas, lo que permite el desarrollo de terapias personalizadas adaptadas a cada paciente.\t\t\t\t\t\t<\/div>\n\t\t\t\t<\/div>\n\t\t\t\t<div class=\"elementor-element elementor-element-97db6cb elementor-position-left elementor-view-default elementor-mobile-position-top elementor-vertical-align-top elementor-widget elementor-widget-icon-box\" data-id=\"97db6cb\" data-element_type=\"widget\" data-widget_type=\"icon-box.default\">\n\t\t\t\t<div class=\"elementor-widget-container\">\n\t\t\t\t\t<div class=\"elementor-icon-box-wrapper\">\n\t\t\t\t\t\t<div class=\"elementor-icon-box-icon\">\n\t\t\t\t<span class=\"elementor-icon elementor-animation-\" >\n\t\t\t\t<i aria-hidden=\"true\" class=\"fas fa-long-arrow-alt-right\"><\/i>\t\t\t\t<\/span>\n\t\t\t<\/div>\n\t\t\t\t\t\t<div class=\"elementor-icon-box-content\">\n\t\t\t\t<h3 class=\"elementor-icon-box-title\">\n\t\t\t\t\t<span  >\n\t\t\t\t\t\tGeneraci\u00f3n de c\u00e9lulas CAR-T con split-inte\u00ednas\t\t\t\t\t<\/span>\n\t\t\t\t<\/h3>\n\t\t\t\t\t\t\t<\/div>\n\t\t<\/div>\n\t\t\t\t<\/div>\n\t\t\t\t<\/div>\n\t\t\t\t<div class=\"elementor-element elementor-element-4cfb8cb elementor-widget elementor-widget-image\" data-id=\"4cfb8cb\" data-element_type=\"widget\" data-widget_type=\"image.default\">\n\t\t\t\t<div class=\"elementor-widget-container\">\n\t\t\t<style>\/*! elementor - v3.11.5 - 14-03-2023 *\/\n.elementor-widget-image{text-align:center}.elementor-widget-image a{display:inline-block}.elementor-widget-image a img[src$=\".svg\"]{width:48px}.elementor-widget-image img{vertical-align:middle;display:inline-block}<\/style>\t\t\t\t\t\t\t\t\t\t\t\t<img width=\"768\" height=\"392\" src=\"https:\/\/biatgroup.com\/wp-content\/uploads\/2024\/01\/Split-CAR-768x392.jpg\" class=\"attachment-medium_large size-medium_large wp-image-22259\" alt=\"\" loading=\"lazy\" srcset=\"https:\/\/biatgroup.com\/wp-content\/uploads\/2024\/01\/Split-CAR-768x392.jpg 768w, https:\/\/biatgroup.com\/wp-content\/uploads\/2024\/01\/Split-CAR-300x153.jpg 300w, https:\/\/biatgroup.com\/wp-content\/uploads\/2024\/01\/Split-CAR-1024x523.jpg 1024w, https:\/\/biatgroup.com\/wp-content\/uploads\/2024\/01\/Split-CAR-1536x785.jpg 1536w, https:\/\/biatgroup.com\/wp-content\/uploads\/2024\/01\/Split-CAR-2048x1047.jpg 2048w, https:\/\/biatgroup.com\/wp-content\/uploads\/2024\/01\/Split-CAR-700x358.jpg 700w\" sizes=\"(max-width: 768px) 100vw, 768px\" \/>\t\t\t\t\t\t\t\t\t\t\t\t\t\t\t<\/div>\n\t\t\t\t<\/div>\n\t\t\t\t<div class=\"elementor-element elementor-element-5fa3f72 elementor-widget elementor-widget-text-editor\" data-id=\"5fa3f72\" data-element_type=\"widget\" data-widget_type=\"text-editor.default\">\n\t\t\t\t<div class=\"elementor-widget-container\">\n\t\t\t\t\t\t\t<ul>\r\n \t<li><strong>Las C\u00e9lulas T <\/strong>expresan dominios de se\u00f1alizaci\u00f3n intracelular fusionadas a \u00a0<strong>IntC<\/strong>, que queda expuesto en la superficie celular.<\/li>\r\n \t<li><b>El ligando espec\u00edfico tumoral <\/b>(scFv o otros) se produce fusionado a <b>IntN<\/b>.<\/li>\r\n \t<li>La reacci\u00f3n espec\u00edfica de las inte\u00ednas<b>\u00a0<\/b>(reacci\u00f3n de trans-splicing) ocurre cuando Int C y IntN son coincidentes, tanto <b><i>in vitro <\/i><\/b>como\u00a0<b><i>in vivo<\/i><\/b>, generando un nuevo enlace pept\u00eddico entre el dominio de se\u00f1alizaci\u00f3n intracelular y el ligando diana, que permanece en la superficie celular.<\/li>\r\n<\/ul>\t\t\t\t\t\t<\/div>\n\t\t\t\t<\/div>\n\t\t\t\t\t<\/div>\n\t\t<\/div>\n\t\t\t\t\t\t\t<\/div>\n\t\t<\/section>\n\t\t\t\t<section class=\"elementor-section elementor-top-section elementor-element elementor-element-2ca9186 elementor-section-boxed elementor-section-height-default elementor-section-height-default parallax_section_no qode_elementor_container_no\" data-id=\"2ca9186\" data-element_type=\"section\">\n\t\t\t\t\t\t<div class=\"elementor-container elementor-column-gap-default\">\n\t\t\t\t\t<div class=\"elementor-column elementor-col-100 elementor-top-column elementor-element elementor-element-1b98db6\" data-id=\"1b98db6\" data-element_type=\"column\">\n\t\t\t<div class=\"elementor-widget-wrap elementor-element-populated\">\n\t\t\t\t\t\t\t\t<div class=\"elementor-element elementor-element-3e48dfa elementor-widget elementor-widget-spacer\" data-id=\"3e48dfa\" data-element_type=\"widget\" data-widget_type=\"spacer.default\">\n\t\t\t\t<div class=\"elementor-widget-container\">\n\t\t\t<style>\/*! elementor - v3.11.5 - 14-03-2023 *\/\n.elementor-column .elementor-spacer-inner{height:var(--spacer-size)}.e-con{--container-widget-width:100%}.e-con-inner>.elementor-widget-spacer,.e-con>.elementor-widget-spacer{width:var(--container-widget-width,var(--spacer-size));--align-self:var(--container-widget-align-self,initial);--flex-shrink:0}.e-con-inner>.elementor-widget-spacer>.elementor-widget-container,.e-con-inner>.elementor-widget-spacer>.elementor-widget-container>.elementor-spacer,.e-con>.elementor-widget-spacer>.elementor-widget-container,.e-con>.elementor-widget-spacer>.elementor-widget-container>.elementor-spacer{height:100%}.e-con-inner>.elementor-widget-spacer>.elementor-widget-container>.elementor-spacer>.elementor-spacer-inner,.e-con>.elementor-widget-spacer>.elementor-widget-container>.elementor-spacer>.elementor-spacer-inner{height:var(--container-widget-height,var(--spacer-size))}<\/style>\t\t<div class=\"elementor-spacer\">\n\t\t\t<div class=\"elementor-spacer-inner\"><\/div>\n\t\t<\/div>\n\t\t\t\t<\/div>\n\t\t\t\t<\/div>\n\t\t\t\t<div class=\"elementor-element elementor-element-7ed7ca7 elementor-view-default elementor-vertical-align-top elementor-widget elementor-widget-icon-box\" data-id=\"7ed7ca7\" data-element_type=\"widget\" data-widget_type=\"icon-box.default\">\n\t\t\t\t<div class=\"elementor-widget-container\">\n\t\t\t\t\t<div class=\"elementor-icon-box-wrapper\">\n\t\t\t\t\t\t<div class=\"elementor-icon-box-content\">\n\t\t\t\t<h3 class=\"elementor-icon-box-title\">\n\t\t\t\t\t<span  >\n\t\t\t\t\t\t\u00bfPOR QU\u00c9 CLICK-CAR?\t\t\t\t\t<\/span>\n\t\t\t\t<\/h3>\n\t\t\t\t\t\t\t<\/div>\n\t\t<\/div>\n\t\t\t\t<\/div>\n\t\t\t\t<\/div>\n\t\t\t\t<div class=\"elementor-element elementor-element-e277413 elementor-view-default elementor-vertical-align-top elementor-widget elementor-widget-icon-box\" data-id=\"e277413\" data-element_type=\"widget\" data-widget_type=\"icon-box.default\">\n\t\t\t\t<div class=\"elementor-widget-container\">\n\t\t\t\t\t<div class=\"elementor-icon-box-wrapper\">\n\t\t\t\t\t\t<div class=\"elementor-icon-box-content\">\n\t\t\t\t<h3 class=\"elementor-icon-box-title\">\n\t\t\t\t\t<span  >\n\t\t\t\t\t\tMulti-Target CLICK-CAR\t\t\t\t\t<\/span>\n\t\t\t\t<\/h3>\n\t\t\t\t\t\t\t<\/div>\n\t\t<\/div>\n\t\t\t\t<\/div>\n\t\t\t\t<\/div>\n\t\t\t\t<div class=\"elementor-element elementor-element-04f1de3 elementor-widget elementor-widget-text-editor\" data-id=\"04f1de3\" data-element_type=\"widget\" data-widget_type=\"text-editor.default\">\n\t\t\t\t<div class=\"elementor-widget-container\">\n\t\t\t\t\t\t\tElevando la terapia celular CAR T-cell therapy a nuevas cotas, nuestro Multi-Target Split-CARs combate eficazmente m\u00faltiples dianas tumorales de forma simult\u00e1nea, maximizando el impacto terap\u00e9utico y minimizando el riesdo de no localizaci\u00f3n del tumor. Este enfoque m\u00faltiple garantiza la erradicaci\u00f3n completa del tumor y mejora los resultados del tratamiento.\t\t\t\t\t\t<\/div>\n\t\t\t\t<\/div>\n\t\t\t\t<div class=\"elementor-element elementor-element-1c84bf1 elementor-view-default elementor-vertical-align-top elementor-widget elementor-widget-icon-box\" data-id=\"1c84bf1\" data-element_type=\"widget\" data-widget_type=\"icon-box.default\">\n\t\t\t\t<div class=\"elementor-widget-container\">\n\t\t\t\t\t<div class=\"elementor-icon-box-wrapper\">\n\t\t\t\t\t\t<div class=\"elementor-icon-box-content\">\n\t\t\t\t<h3 class=\"elementor-icon-box-title\">\n\t\t\t\t\t<span  >\n\t\t\t\t\t\tMitigaci\u00f3n del s\u00edndrome de liberaci\u00f3n de citoquinas (CRS)\t\t\t\t\t<\/span>\n\t\t\t\t<\/h3>\n\t\t\t\t\t\t\t<\/div>\n\t\t<\/div>\n\t\t\t\t<\/div>\n\t\t\t\t<\/div>\n\t\t\t\t<div class=\"elementor-element elementor-element-e40be39 elementor-widget elementor-widget-text-editor\" data-id=\"e40be39\" data-element_type=\"widget\" data-widget_type=\"text-editor.default\">\n\t\t\t\t<div class=\"elementor-widget-container\">\n\t\t\t\t\t\t\tConscientes de la posibilidad de que se produzca CRS, un grave efecto secundario asociado a la terapia con c\u00e9lulas CAR-T, hemos desarrollado estrategias para mitigar su aparici\u00f3n. Nuestra plataforma CLICK CAR incorpora caracter\u00edsticas \u00fanicas que minimizan el CRS, proporcionando a los pacientes una experiencia de tratamiento m\u00e1s segura y tolerable.\t\t\t\t\t\t<\/div>\n\t\t\t\t<\/div>\n\t\t\t\t<div class=\"elementor-element elementor-element-2665322 elementor-view-default elementor-vertical-align-top elementor-widget elementor-widget-icon-box\" data-id=\"2665322\" data-element_type=\"widget\" data-widget_type=\"icon-box.default\">\n\t\t\t\t<div class=\"elementor-widget-container\">\n\t\t\t\t\t<div class=\"elementor-icon-box-wrapper\">\n\t\t\t\t\t\t<div class=\"elementor-icon-box-content\">\n\t\t\t\t<h3 class=\"elementor-icon-box-title\">\n\t\t\t\t\t<span  >\n\t\t\t\t\t\tAprovechar la potencia de  CLICK-CARs\t\t\t\t\t<\/span>\n\t\t\t\t<\/h3>\n\t\t\t\t\t\t\t<\/div>\n\t\t<\/div>\n\t\t\t\t<\/div>\n\t\t\t\t<\/div>\n\t\t\t\t<div class=\"elementor-element elementor-element-2e71a3b elementor-widget elementor-widget-text-editor\" data-id=\"2e71a3b\" data-element_type=\"widget\" data-widget_type=\"text-editor.default\">\n\t\t\t\t<div class=\"elementor-widget-container\">\n\t\t\t\t\t\t\tNuestra tecnolog\u00eda CLICK CAR representa un avance transformador en la terapia con c\u00e9lulas CAR-T y ofrece multitud de ventajas a los pacientes que luchan contra el c\u00e1ncer. Gracias a su aplicabilidad universal, su capacidad mult-target y sus estrategias de mitigaci\u00f3n de la CRS, los m\u00f3dulos CLICK CAR prometen revolucionar el tratamiento del c\u00e1ncer y mejorar los resultados de los pacientes.\t\t\t\t\t\t<\/div>\n\t\t\t\t<\/div>\n\t\t\t\t<div class=\"elementor-element elementor-element-7df507f elementor-widget elementor-widget-spacer\" data-id=\"7df507f\" data-element_type=\"widget\" data-widget_type=\"spacer.default\">\n\t\t\t\t<div class=\"elementor-widget-container\">\n\t\t\t\t\t<div class=\"elementor-spacer\">\n\t\t\t<div class=\"elementor-spacer-inner\"><\/div>\n\t\t<\/div>\n\t\t\t\t<\/div>\n\t\t\t\t<\/div>\n\t\t\t\t\t<\/div>\n\t\t<\/div>\n\t\t\t\t\t\t\t<\/div>\n\t\t<\/section>\n\t\t\t\t<section class=\"elementor-section elementor-top-section elementor-element elementor-element-31a7009 elementor-section-boxed elementor-section-height-default elementor-section-height-default parallax_section_no qode_elementor_container_no\" data-id=\"31a7009\" data-element_type=\"section\">\n\t\t\t\t\t\t<div class=\"elementor-container elementor-column-gap-default\">\n\t\t\t\t\t<div class=\"elementor-column elementor-col-100 elementor-top-column elementor-element elementor-element-4e21a78\" data-id=\"4e21a78\" data-element_type=\"column\">\n\t\t\t<div class=\"elementor-widget-wrap elementor-element-populated\">\n\t\t\t\t\t\t\t\t<div class=\"elementor-element elementor-element-1dca6c4 elementor-position-left elementor-view-default elementor-mobile-position-top elementor-vertical-align-top elementor-widget elementor-widget-icon-box\" data-id=\"1dca6c4\" data-element_type=\"widget\" data-widget_type=\"icon-box.default\">\n\t\t\t\t<div class=\"elementor-widget-container\">\n\t\t\t\t\t<div class=\"elementor-icon-box-wrapper\">\n\t\t\t\t\t\t<div class=\"elementor-icon-box-icon\">\n\t\t\t\t<span class=\"elementor-icon elementor-animation-\" >\n\t\t\t\t<i aria-hidden=\"true\" class=\"fas fa-long-arrow-alt-right\"><\/i>\t\t\t\t<\/span>\n\t\t\t<\/div>\n\t\t\t\t\t\t<div class=\"elementor-icon-box-content\">\n\t\t\t\t<h3 class=\"elementor-icon-box-title\">\n\t\t\t\t\t<span  >\n\t\t\t\t\t\tVentajas de CLICK-CAR\t\t\t\t\t<\/span>\n\t\t\t\t<\/h3>\n\t\t\t\t\t\t\t<\/div>\n\t\t<\/div>\n\t\t\t\t<\/div>\n\t\t\t\t<\/div>\n\t\t\t\t<div class=\"elementor-element elementor-element-9dd13fe elementor-widget elementor-widget-text-editor\" data-id=\"9dd13fe\" data-element_type=\"widget\" data-widget_type=\"text-editor.default\">\n\t\t\t\t<div class=\"elementor-widget-container\">\n\t\t\t\t\t\t\tEl m\u00f3dulo de inter\u00e9s se produce como dos mol\u00e9culas independientes, ambas fusionadas a una inte\u00edna dividida complementaria. Tras la reacci\u00f3n espec\u00edfica de la inte\u00edna, se constituir\u00e1 el CAR de longitud completa, ex vivo o in vivo.\t\t\t\t\t\t<\/div>\n\t\t\t\t<\/div>\n\t\t\t\t<div class=\"elementor-element elementor-element-da8f66b elementor-widget elementor-widget-image\" data-id=\"da8f66b\" data-element_type=\"widget\" data-widget_type=\"image.default\">\n\t\t\t\t<div class=\"elementor-widget-container\">\n\t\t\t\t\t\t\t\t\t\t\t\t\t\t\t<img width=\"768\" height=\"425\" src=\"https:\/\/biatgroup.com\/wp-content\/uploads\/2024\/01\/Split-CAR-Advantages-768x425.jpg\" class=\"attachment-medium_large size-medium_large wp-image-22257\" alt=\"\" loading=\"lazy\" srcset=\"https:\/\/biatgroup.com\/wp-content\/uploads\/2024\/01\/Split-CAR-Advantages-768x425.jpg 768w, https:\/\/biatgroup.com\/wp-content\/uploads\/2024\/01\/Split-CAR-Advantages-300x166.jpg 300w, https:\/\/biatgroup.com\/wp-content\/uploads\/2024\/01\/Split-CAR-Advantages-1024x567.jpg 1024w, https:\/\/biatgroup.com\/wp-content\/uploads\/2024\/01\/Split-CAR-Advantages-1536x850.jpg 1536w, https:\/\/biatgroup.com\/wp-content\/uploads\/2024\/01\/Split-CAR-Advantages-2048x1133.jpg 2048w, https:\/\/biatgroup.com\/wp-content\/uploads\/2024\/01\/Split-CAR-Advantages-700x387.jpg 700w\" sizes=\"(max-width: 768px) 100vw, 768px\" \/>\t\t\t\t\t\t\t\t\t\t\t\t\t\t\t<\/div>\n\t\t\t\t<\/div>\n\t\t\t\t<div class=\"elementor-element elementor-element-eb1c555 elementor-widget elementor-widget-text-editor\" data-id=\"eb1c555\" data-element_type=\"widget\" data-widget_type=\"text-editor.default\">\n\t\t\t\t<div class=\"elementor-widget-container\">\n\t\t\t\t\t\t\t<ul>\n<li><strong>CONTROLABLE y CONECTOR On\/Off:<\/strong> CLICK CAR permite disponer de sistemas de c\u00e9lulas CARm\u00e1s seguros y minimizar los episodios de CRS.&nbsp; La administraci\u00f3n del ligando diana independientemente de las c\u00e9lulas CAR-T permite generar actividad de c\u00e9lulas T a demanda, reduciendo los efectos no deseados o la toxicidad. .La actividad de las CAR-T se desactiva al cesar la administraci\u00f3n del ligando diana. Las CAR-T pueden dirigirse a una serie de ant\u00edgenos tumorales diferentes.<\/li>\n<li><strong>MULTI-ANT\u00cdGENO:<\/strong> Posibilidad de exponer hasta 4 ant\u00edgenos diferentes (4 pares independientes de prote\u00ednas ort\u00f3logas), aumentando la especificidad y la segunda l\u00ednea de acci\u00f3n para reducir la reaparici\u00f3n del tumor.<\/li>\n<li><strong>FABRICACI\u00d3N A MEDIDA:<\/strong> CLICK CAR se puede utilizar con c\u00e9lulas aut\u00f3logas y alog\u00e9nicas que exponen prote\u00ednas divididas, listas para someterse a una reacci\u00f3n est\u00e1ndar de trans-splicing con cualquier elemento diana de su elecci\u00f3n (funcionalizaci\u00f3n a la carta), in vivo o ex vivo. En el caso de c\u00e9lulas alog\u00e9nicas, CLICK CAR representa un stock de c\u00e9lulas listas para su uso.<\/li>\n<\/ul>\t\t\t\t\t\t<\/div>\n\t\t\t\t<\/div>\n\t\t\t\t\t<\/div>\n\t\t<\/div>\n\t\t\t\t\t\t\t<\/div>\n\t\t<\/section>\n\t\t\t\t\t\t\t<\/div>\n\t\t","protected":false},"excerpt":{"rendered":"<p>\u00bfQu\u00e9 es Click Car?: TecNOLOG\u00cdA Split-CARs conectores universales Un enfoque revolucionario de la terapia con c\u00e9lulas T de receptores de ant\u00edgenos quim\u00e9ricos (CAR), que utiliza la innovadora tecnolog\u00eda Split-CAR, ofreciendo una versatilidad sin precedentes y una mayor eficacia. Nuestro sistema patentado Split-CAR se integra a&#8230;<\/p>\n","protected":false},"author":6,"featured_media":0,"parent":0,"menu_order":0,"comment_status":"closed","ping_status":"closed","template":"","meta":{"content-type":"","_monsterinsights_skip_tracking":false,"_monsterinsights_sitenote_active":false,"_monsterinsights_sitenote_note":"","_monsterinsights_sitenote_category":0,"_uf_show_specific_survey":0,"_uf_disable_surveys":false},"acf":[],"aioseo_notices":[],"_links":{"self":[{"href":"https:\/\/biatgroup.com\/es\/wp-json\/wp\/v2\/pages\/22269"}],"collection":[{"href":"https:\/\/biatgroup.com\/es\/wp-json\/wp\/v2\/pages"}],"about":[{"href":"https:\/\/biatgroup.com\/es\/wp-json\/wp\/v2\/types\/page"}],"author":[{"embeddable":true,"href":"https:\/\/biatgroup.com\/es\/wp-json\/wp\/v2\/users\/6"}],"replies":[{"embeddable":true,"href":"https:\/\/biatgroup.com\/es\/wp-json\/wp\/v2\/comments?post=22269"}],"version-history":[{"count":30,"href":"https:\/\/biatgroup.com\/es\/wp-json\/wp\/v2\/pages\/22269\/revisions"}],"predecessor-version":[{"id":22381,"href":"https:\/\/biatgroup.com\/es\/wp-json\/wp\/v2\/pages\/22269\/revisions\/22381"}],"wp:attachment":[{"href":"https:\/\/biatgroup.com\/es\/wp-json\/wp\/v2\/media?parent=22269"}],"curies":[{"name":"wp","href":"https:\/\/api.w.org\/{rel}","templated":true}]}}