{"id":22697,"date":"2022-03-07T12:59:57","date_gmt":"2022-03-07T11:59:57","guid":{"rendered":"https:\/\/biatgroup.com\/privacy-policy\/"},"modified":"2024-06-26T11:58:26","modified_gmt":"2024-06-26T09:58:26","slug":"privacy-policy","status":"publish","type":"page","link":"https:\/\/biatgroup.com\/es\/privacy-policy\/","title":{"rendered":"Pol\u00edtica de privacidad"},"content":{"rendered":"\t\t<div data-elementor-type=\"wp-page\" data-elementor-id=\"22697\" class=\"elementor elementor-22697 elementor-20593\">\n\t\t\t\t\t\t\t\t\t<section class=\"elementor-section elementor-top-section elementor-element elementor-element-5765702 p-texto elementor-section-boxed elementor-section-height-default elementor-section-height-default parallax_section_no qode_elementor_container_no\" data-id=\"5765702\" data-element_type=\"section\">\n\t\t\t\t\t\t<div class=\"elementor-container elementor-column-gap-default\">\n\t\t\t\t\t<div class=\"elementor-column elementor-col-100 elementor-top-column elementor-element elementor-element-85e3540\" data-id=\"85e3540\" data-element_type=\"column\">\n\t\t\t<div class=\"elementor-widget-wrap elementor-element-populated\">\n\t\t\t\t\t\t\t\t<div class=\"elementor-element elementor-element-77b0708 elementor-widget elementor-widget-text-editor\" data-id=\"77b0708\" data-element_type=\"widget\" data-widget_type=\"text-editor.default\">\n\t\t\t\t<div class=\"elementor-widget-container\">\n\t\t\t<style>\/*! elementor - v3.11.5 - 14-03-2023 *\/\n.elementor-widget-text-editor.elementor-drop-cap-view-stacked .elementor-drop-cap{background-color:#818a91;color:#fff}.elementor-widget-text-editor.elementor-drop-cap-view-framed .elementor-drop-cap{color:#818a91;border:3px solid;background-color:transparent}.elementor-widget-text-editor:not(.elementor-drop-cap-view-default) .elementor-drop-cap{margin-top:8px}.elementor-widget-text-editor:not(.elementor-drop-cap-view-default) .elementor-drop-cap-letter{width:1em;height:1em}.elementor-widget-text-editor .elementor-drop-cap{float:left;text-align:center;line-height:1;font-size:50px}.elementor-widget-text-editor .elementor-drop-cap-letter{display:inline-block}<\/style>\t\t\t\t<h3>Informaci\u00f3n sobre el tratamiento de datos de contactos<\/h3><h4><strong>\u00bfQui\u00e9n es el responsable de sus datos?<\/strong><\/h4><p>De acuerdo con lo establecido por la Ley Org\u00e1nica 3\/2018, de 5 de diciembre, de Protecci\u00f3n de Datos Personales y garant\u00eda de los derechos digitales (LOPD) y el Reglamento General de Protecci\u00f3n de Datos (RGPD) de 27 de Abril de 2016, le informamos que los datos personales aportados ser\u00e1n tratados por Biotechnology Assets, S.A. con CIF A11811163 y domicilio en Av. Desarrollo Tecnol\u00f3gico 11 &#8211; 11591, JEREZ DE LA FRONTERA (C\u00e1diz).<\/p><h4><strong>\u00bfCon qu\u00e9 finalidad tratamos sus datos personales?<\/strong><\/h4><p>Los datos aportados por usted son necesarios para poder prestarle con todas las garant\u00edas el servicio solicitado, y ser\u00e1n tratados con la finalidad de atender sus consultas y gestionar los datos de contacto para las comunicaciones.<\/p><h4><strong>\u00bfPor cu\u00e1nto tiempo conservaremos sus datos?<\/strong><\/h4><p>Los datos personales proporcionados se conservar\u00e1n mientras se prevea que pueden ser necesarios para contactar con el interesado.<\/p><h4><strong>\u00bfCu\u00e1l es la legitimaci\u00f3n para el tratamiento de sus datos?<\/strong><\/h4><p>La base legal para el tratamiento de sus datos es el consentimiento del interesado al proporcionar sus datos de contacto.<\/p><h4><strong>\u00bfA qu\u00e9 destinatarios se comunicar\u00e1n sus datos?<\/strong><\/h4><p>Sus datos no se ceder\u00e1n a terceros salvo obligaci\u00f3n legal.<\/p><h4><strong>\u00bfCu\u00e1les son sus derechos cuando nos facilita sus datos?<\/strong><\/h4><p>Cualquier persona tiene derecho a solicitar el acceso, rectificaci\u00f3n, supresi\u00f3n, limitaci\u00f3n del tratamiento, oposici\u00f3n o derecho a la portabilidad de sus datos personales, escribi\u00e9ndonos a la direcci\u00f3n de nuestras oficinas, o enviando un correo electr\u00f3nico a (organodecumplimiento@biatgroup.com, indicando el derecho que desea ejercer.<\/p><p>Tendr\u00e1 derecho igualmente a retirar el consentimiento prestado en cualquier momento. La retirada del consentimiento no afectar\u00e1 a la licitud del tratamiento efectuado antes de la retirada de dicho consentimiento.<\/p><p>Tiene derecho a presentar una reclamaci\u00f3n ante la autoridad de control si considera que pueden haber sido vulnerados sus derechos en lo concerniente a la protecci\u00f3n de sus datos personales.<\/p>\t\t\t\t\t\t<\/div>\n\t\t\t\t<\/div>\n\t\t\t\t<div class=\"elementor-element elementor-element-40f7b7c elementor-widget elementor-widget-spacer\" data-id=\"40f7b7c\" data-element_type=\"widget\" data-widget_type=\"spacer.default\">\n\t\t\t\t<div class=\"elementor-widget-container\">\n\t\t\t<style>\/*! elementor - v3.11.5 - 14-03-2023 *\/\n.elementor-column .elementor-spacer-inner{height:var(--spacer-size)}.e-con{--container-widget-width:100%}.e-con-inner>.elementor-widget-spacer,.e-con>.elementor-widget-spacer{width:var(--container-widget-width,var(--spacer-size));--align-self:var(--container-widget-align-self,initial);--flex-shrink:0}.e-con-inner>.elementor-widget-spacer>.elementor-widget-container,.e-con-inner>.elementor-widget-spacer>.elementor-widget-container>.elementor-spacer,.e-con>.elementor-widget-spacer>.elementor-widget-container,.e-con>.elementor-widget-spacer>.elementor-widget-container>.elementor-spacer{height:100%}.e-con-inner>.elementor-widget-spacer>.elementor-widget-container>.elementor-spacer>.elementor-spacer-inner,.e-con>.elementor-widget-spacer>.elementor-widget-container>.elementor-spacer>.elementor-spacer-inner{height:var(--container-widget-height,var(--spacer-size))}<\/style>\t\t<div class=\"elementor-spacer\">\n\t\t\t<div class=\"elementor-spacer-inner\"><\/div>\n\t\t<\/div>\n\t\t\t\t<\/div>\n\t\t\t\t<\/div>\n\t\t\t\t\t<\/div>\n\t\t<\/div>\n\t\t\t\t\t\t\t<\/div>\n\t\t<\/section>\n\t\t\t\t\t\t\t<\/div>\n\t\t","protected":false},"excerpt":{"rendered":"<p>Informaci\u00f3n sobre el tratamiento de datos de contactos \u00bfQui\u00e9n es el responsable de sus datos? De acuerdo con lo establecido por la Ley Org\u00e1nica 3\/2018, de 5 de diciembre, de Protecci\u00f3n de Datos Personales y garant\u00eda de los derechos digitales (LOPD) y el Reglamento General&#8230;<\/p>\n","protected":false},"author":3,"featured_media":0,"parent":0,"menu_order":0,"comment_status":"closed","ping_status":"closed","template":"","meta":{"content-type":"","_monsterinsights_skip_tracking":false,"_monsterinsights_sitenote_active":false,"_monsterinsights_sitenote_note":"","_monsterinsights_sitenote_category":0,"_uf_show_specific_survey":0,"_uf_disable_surveys":false},"acf":[],"aioseo_notices":[],"_links":{"self":[{"href":"https:\/\/biatgroup.com\/es\/wp-json\/wp\/v2\/pages\/22697"}],"collection":[{"href":"https:\/\/biatgroup.com\/es\/wp-json\/wp\/v2\/pages"}],"about":[{"href":"https:\/\/biatgroup.com\/es\/wp-json\/wp\/v2\/types\/page"}],"author":[{"embeddable":true,"href":"https:\/\/biatgroup.com\/es\/wp-json\/wp\/v2\/users\/3"}],"replies":[{"embeddable":true,"href":"https:\/\/biatgroup.com\/es\/wp-json\/wp\/v2\/comments?post=22697"}],"version-history":[{"count":5,"href":"https:\/\/biatgroup.com\/es\/wp-json\/wp\/v2\/pages\/22697\/revisions"}],"predecessor-version":[{"id":22706,"href":"https:\/\/biatgroup.com\/es\/wp-json\/wp\/v2\/pages\/22697\/revisions\/22706"}],"wp:attachment":[{"href":"https:\/\/biatgroup.com\/es\/wp-json\/wp\/v2\/media?parent=22697"}],"curies":[{"name":"wp","href":"https:\/\/api.w.org\/{rel}","templated":true}]}}